{"id":7669,"date":"2022-03-15T16:25:19","date_gmt":"2022-03-15T15:25:19","guid":{"rendered":"https:\/\/eliem.fashion\/prodotto\/bleu-indigo\/"},"modified":"2022-03-15T16:25:19","modified_gmt":"2022-03-15T15:25:19","slug":"bleu-indigo","status":"publish","type":"product","link":"https:\/\/eliem.fashion\/fr\/prodotto\/bleu-indigo\/","title":{"rendered":"Serenissima avec gondoles bleu indigo"},"content":{"rendered":"<h2>Caract\u00e9ristiques<\/h2>\n<ul>\n<li>Portabilit\u00e9 : \u00e0 la main, au bras et \u00e0 l\u2019\u00e9paule. 102\/112 x 22 x 28 cm (longeuer x hauteur x largeuer)<\/li>\n<li>Couleur : bleu indigo<\/li>\n<li>Peau de bovin<\/li>\n<li>Tache int\u00e9rieure<\/li>\n<li>Bandouli\u00e8re r\u00e9glable \u00e0 l\u2019aide d\u2019un mousqueton. Hauteur : 36 cm<\/li>\n<li>Accessoires \u00ab gondoles \u00bb plaqu\u00e9s or dedans et dehors<\/li>\n<li>Fabriqu\u00e9 en Italie<\/li>\n<\/ul>\n","protected":false},"excerpt":{"rendered":"<p>Il s\u2019agit d\u2019un mod\u00e8le adaptant \u00e0 chaque occasion et qui, gr\u00e2ce \u00e0 sa fermeture \u00e0 disparition Serenissima avec gondoles, devient un sac facile et s\u00fbr. Il est r\u00e9alis\u00e9 totalement en peau et il poss\u00e8de aussi bien une tache int\u00e9rieure garantissant ses commodit\u00e9s que deux gondoles plaqu\u00e9es or dedans et dehors.<\/p>\n","protected":false},"featured_media":7658,"template":"","meta":{"_acf_changed":false,"_joinchat":[]},"product_cat":[164],"product_tag":[],"class_list":["post-7669","product","type-product","status-publish","has-post-thumbnail","hentry","product_cat-produits"],"acf":[],"yoast_head":"<!-- This site is optimized with the Yoast SEO plugin v26.6 - https:\/\/yoast.com\/wordpress\/plugins\/seo\/ -->\n<title>Serenissima avec gondoles bleu indigo - Eliem Fashion by Elizabeth Maria<\/title>\n<meta name=\"robots\" content=\"index, follow, max-snippet:-1, max-image-preview:large, max-video-preview:-1\" \/>\n<link rel=\"canonical\" href=\"https:\/\/eliem.fashion\/fr\/prodotto\/bleu-indigo\/\" \/>\n<meta property=\"og:locale\" content=\"fr_FR\" \/>\n<meta property=\"og:type\" content=\"article\" \/>\n<meta property=\"og:title\" content=\"Serenissima avec gondoles bleu indigo - Eliem Fashion by Elizabeth Maria\" \/>\n<meta property=\"og:description\" content=\"Il s\u2019agit d\u2019un mod\u00e8le adaptant \u00e0 chaque occasion et qui, gr\u00e2ce \u00e0 sa fermeture \u00e0 disparition Serenissima avec gondoles, devient un sac facile et s\u00fbr. Il est r\u00e9alis\u00e9 totalement en peau et il poss\u00e8de aussi bien une tache int\u00e9rieure garantissant ses commodit\u00e9s que deux gondoles plaqu\u00e9es or dedans et dehors.\" \/>\n<meta property=\"og:url\" content=\"https:\/\/eliem.fashion\/fr\/prodotto\/bleu-indigo\/\" \/>\n<meta property=\"og:site_name\" content=\"Eliem Fashion by Elizabeth Maria\" \/>\n<meta property=\"og:image\" content=\"https:\/\/eliem.fashion\/wp-content\/uploads\/2022\/03\/IMG_3865-anteprimasito-scaled.jpg\" \/>\n\t<meta property=\"og:image:width\" content=\"1920\" \/>\n\t<meta property=\"og:image:height\" content=\"2560\" \/>\n\t<meta property=\"og:image:type\" content=\"image\/jpeg\" \/>\n<meta name=\"twitter:card\" content=\"summary_large_image\" \/>\n<script type=\"application\/ld+json\" class=\"yoast-schema-graph\">{\"@context\":\"https:\/\/schema.org\",\"@graph\":[{\"@type\":\"WebPage\",\"@id\":\"https:\/\/eliem.fashion\/fr\/prodotto\/bleu-indigo\/\",\"url\":\"https:\/\/eliem.fashion\/fr\/prodotto\/bleu-indigo\/\",\"name\":\"Serenissima avec gondoles bleu indigo - Eliem Fashion by Elizabeth Maria\",\"isPartOf\":{\"@id\":\"https:\/\/eliem.fashion\/fr\/#website\"},\"primaryImageOfPage\":{\"@id\":\"https:\/\/eliem.fashion\/fr\/prodotto\/bleu-indigo\/#primaryimage\"},\"image\":{\"@id\":\"https:\/\/eliem.fashion\/fr\/prodotto\/bleu-indigo\/#primaryimage\"},\"thumbnailUrl\":\"https:\/\/eliem.fashion\/wp-content\/uploads\/2022\/03\/IMG_3865-anteprimasito-scaled.jpg\",\"datePublished\":\"2022-03-15T15:25:19+00:00\",\"breadcrumb\":{\"@id\":\"https:\/\/eliem.fashion\/fr\/prodotto\/bleu-indigo\/#breadcrumb\"},\"inLanguage\":\"fr-FR\",\"potentialAction\":[{\"@type\":\"ReadAction\",\"target\":[\"https:\/\/eliem.fashion\/fr\/prodotto\/bleu-indigo\/\"]}]},{\"@type\":\"ImageObject\",\"inLanguage\":\"fr-FR\",\"@id\":\"https:\/\/eliem.fashion\/fr\/prodotto\/bleu-indigo\/#primaryimage\",\"url\":\"https:\/\/eliem.fashion\/wp-content\/uploads\/2022\/03\/IMG_3865-anteprimasito-scaled.jpg\",\"contentUrl\":\"https:\/\/eliem.fashion\/wp-content\/uploads\/2022\/03\/IMG_3865-anteprimasito-scaled.jpg\",\"width\":1920,\"height\":2560,\"caption\":\"sac en cuir\"},{\"@type\":\"BreadcrumbList\",\"@id\":\"https:\/\/eliem.fashion\/fr\/prodotto\/bleu-indigo\/#breadcrumb\",\"itemListElement\":[{\"@type\":\"ListItem\",\"position\":1,\"name\":\"Home\",\"item\":\"https:\/\/eliem.fashion\/\"},{\"@type\":\"ListItem\",\"position\":2,\"name\":\"Shop\",\"item\":\"https:\/\/eliem.fashion\/shop\/\"},{\"@type\":\"ListItem\",\"position\":3,\"name\":\"Serenissima avec gondoles bleu indigo\"}]},{\"@type\":\"WebSite\",\"@id\":\"https:\/\/eliem.fashion\/fr\/#website\",\"url\":\"https:\/\/eliem.fashion\/fr\/\",\"name\":\"Eliem Fashion by Elizabeth Maria\",\"description\":\"Three luxury bags in one\",\"potentialAction\":[{\"@type\":\"SearchAction\",\"target\":{\"@type\":\"EntryPoint\",\"urlTemplate\":\"https:\/\/eliem.fashion\/fr\/?s={search_term_string}\"},\"query-input\":{\"@type\":\"PropertyValueSpecification\",\"valueRequired\":true,\"valueName\":\"search_term_string\"}}],\"inLanguage\":\"fr-FR\"}]}<\/script>\n<!-- \/ Yoast SEO plugin. -->","yoast_head_json":{"title":"Serenissima avec gondoles bleu indigo - Eliem Fashion by Elizabeth Maria","robots":{"index":"index","follow":"follow","max-snippet":"max-snippet:-1","max-image-preview":"max-image-preview:large","max-video-preview":"max-video-preview:-1"},"canonical":"https:\/\/eliem.fashion\/fr\/prodotto\/bleu-indigo\/","og_locale":"fr_FR","og_type":"article","og_title":"Serenissima avec gondoles bleu indigo - Eliem Fashion by Elizabeth Maria","og_description":"Il s\u2019agit d\u2019un mod\u00e8le adaptant \u00e0 chaque occasion et qui, gr\u00e2ce \u00e0 sa fermeture \u00e0 disparition Serenissima avec gondoles, devient un sac facile et s\u00fbr. Il est r\u00e9alis\u00e9 totalement en peau et il poss\u00e8de aussi bien une tache int\u00e9rieure garantissant ses commodit\u00e9s que deux gondoles plaqu\u00e9es or dedans et dehors.","og_url":"https:\/\/eliem.fashion\/fr\/prodotto\/bleu-indigo\/","og_site_name":"Eliem Fashion by Elizabeth Maria","og_image":[{"width":1920,"height":2560,"url":"https:\/\/eliem.fashion\/wp-content\/uploads\/2022\/03\/IMG_3865-anteprimasito-scaled.jpg","type":"image\/jpeg"}],"twitter_card":"summary_large_image","schema":{"@context":"https:\/\/schema.org","@graph":[{"@type":"WebPage","@id":"https:\/\/eliem.fashion\/fr\/prodotto\/bleu-indigo\/","url":"https:\/\/eliem.fashion\/fr\/prodotto\/bleu-indigo\/","name":"Serenissima avec gondoles bleu indigo - Eliem Fashion by Elizabeth Maria","isPartOf":{"@id":"https:\/\/eliem.fashion\/fr\/#website"},"primaryImageOfPage":{"@id":"https:\/\/eliem.fashion\/fr\/prodotto\/bleu-indigo\/#primaryimage"},"image":{"@id":"https:\/\/eliem.fashion\/fr\/prodotto\/bleu-indigo\/#primaryimage"},"thumbnailUrl":"https:\/\/eliem.fashion\/wp-content\/uploads\/2022\/03\/IMG_3865-anteprimasito-scaled.jpg","datePublished":"2022-03-15T15:25:19+00:00","breadcrumb":{"@id":"https:\/\/eliem.fashion\/fr\/prodotto\/bleu-indigo\/#breadcrumb"},"inLanguage":"fr-FR","potentialAction":[{"@type":"ReadAction","target":["https:\/\/eliem.fashion\/fr\/prodotto\/bleu-indigo\/"]}]},{"@type":"ImageObject","inLanguage":"fr-FR","@id":"https:\/\/eliem.fashion\/fr\/prodotto\/bleu-indigo\/#primaryimage","url":"https:\/\/eliem.fashion\/wp-content\/uploads\/2022\/03\/IMG_3865-anteprimasito-scaled.jpg","contentUrl":"https:\/\/eliem.fashion\/wp-content\/uploads\/2022\/03\/IMG_3865-anteprimasito-scaled.jpg","width":1920,"height":2560,"caption":"sac en cuir"},{"@type":"BreadcrumbList","@id":"https:\/\/eliem.fashion\/fr\/prodotto\/bleu-indigo\/#breadcrumb","itemListElement":[{"@type":"ListItem","position":1,"name":"Home","item":"https:\/\/eliem.fashion\/"},{"@type":"ListItem","position":2,"name":"Shop","item":"https:\/\/eliem.fashion\/shop\/"},{"@type":"ListItem","position":3,"name":"Serenissima avec gondoles bleu indigo"}]},{"@type":"WebSite","@id":"https:\/\/eliem.fashion\/fr\/#website","url":"https:\/\/eliem.fashion\/fr\/","name":"Eliem Fashion by Elizabeth Maria","description":"Three luxury bags in one","potentialAction":[{"@type":"SearchAction","target":{"@type":"EntryPoint","urlTemplate":"https:\/\/eliem.fashion\/fr\/?s={search_term_string}"},"query-input":{"@type":"PropertyValueSpecification","valueRequired":true,"valueName":"search_term_string"}}],"inLanguage":"fr-FR"}]}},"jetpack_sharing_enabled":true,"_links":{"self":[{"href":"https:\/\/eliem.fashion\/fr\/wp-json\/wp\/v2\/product\/7669","targetHints":{"allow":["GET"]}}],"collection":[{"href":"https:\/\/eliem.fashion\/fr\/wp-json\/wp\/v2\/product"}],"about":[{"href":"https:\/\/eliem.fashion\/fr\/wp-json\/wp\/v2\/types\/product"}],"wp:featuredmedia":[{"embeddable":true,"href":"https:\/\/eliem.fashion\/fr\/wp-json\/wp\/v2\/media\/7658"}],"wp:attachment":[{"href":"https:\/\/eliem.fashion\/fr\/wp-json\/wp\/v2\/media?parent=7669"}],"wp:term":[{"taxonomy":"product_cat","embeddable":true,"href":"https:\/\/eliem.fashion\/fr\/wp-json\/wp\/v2\/product_cat?post=7669"},{"taxonomy":"product_tag","embeddable":true,"href":"https:\/\/eliem.fashion\/fr\/wp-json\/wp\/v2\/product_tag?post=7669"}],"curies":[{"name":"wp","href":"https:\/\/api.w.org\/{rel}","templated":true}]}}