{"id":7668,"date":"2022-03-15T16:56:16","date_gmt":"2022-03-15T15:56:16","guid":{"rendered":"https:\/\/eliem.fashion\/prodotto\/agata-sport\/"},"modified":"2022-03-15T16:56:16","modified_gmt":"2022-03-15T15:56:16","slug":"agata-sport","status":"publish","type":"product","link":"https:\/\/eliem.fashion\/fr\/prodotto\/agata-sport\/","title":{"rendered":"Agata Sport (Non-r\u00e9versible)"},"content":{"rendered":"<h2>Caract\u00e9ristiques<\/h2>\n<ul>\n<li>Portabilit\u00e9 : \u00e0 la main ou \u00e0 l\u2019\u00e9paule. 38 x 27 x 19.0 cm (longeuer x hauteur x largeuer)<\/li>\n<li>Couleur : beige<\/li>\n<li>Peau de bovin<\/li>\n<li>2 taches int\u00e9rieures<\/li>\n<li>Bandouli\u00e8re r\u00e9glable moyennant un mousqueton<\/li>\n<li>\u00a0 Accessoires \u00ab gondoles \u00bb plaqu\u00e9s or dedans et dehors<\/li>\n<li>Fabriqu\u00e9 en Italie<\/li>\n<\/ul>\n<p>&nbsp;<\/p>\n","protected":false},"excerpt":{"rendered":"<p>Il est r\u00e9alis\u00e9 en peau totalement Made in Italy. Il est un sac ayant des lignes simples mais \u00e9l\u00e9gantes\u00a0: il est id\u00e9al aussi bien pour le jour que pour la soir\u00e9e.<\/p>\n<p>Ce sac poss\u00e8de deux anses sup\u00e9rieures et une bandouli\u00e8re \u00e0 cha\u00eene en peau qui permettent de porter Agata Sport \u00e0 la main ou \u00e0 l\u2019\u00e9paule.<\/p>\n<p>&nbsp;<\/p>\n","protected":false},"featured_media":7608,"template":"","meta":{"_acf_changed":false,"_joinchat":[]},"product_cat":[15],"product_tag":[],"class_list":["post-7668","product","type-product","status-publish","has-post-thumbnail","hentry","product_cat-senza-categoria"],"acf":[],"yoast_head":"<!-- This site is optimized with the Yoast SEO plugin v26.6 - https:\/\/yoast.com\/wordpress\/plugins\/seo\/ -->\n<title>Agata Sport (Non-r\u00e9versible) - Eliem Fashion by Elizabeth Maria<\/title>\n<meta name=\"robots\" content=\"index, follow, max-snippet:-1, max-image-preview:large, max-video-preview:-1\" \/>\n<link rel=\"canonical\" href=\"https:\/\/eliem.fashion\/fr\/prodotto\/agata-sport\/\" \/>\n<meta property=\"og:locale\" content=\"fr_FR\" \/>\n<meta property=\"og:type\" content=\"article\" \/>\n<meta property=\"og:title\" content=\"Agata Sport (Non-r\u00e9versible) - Eliem Fashion by Elizabeth Maria\" \/>\n<meta property=\"og:description\" content=\"Il est r\u00e9alis\u00e9 en peau totalement Made in Italy. Il est un sac ayant des lignes simples mais \u00e9l\u00e9gantes\u00a0: il est id\u00e9al aussi bien pour le jour que pour la soir\u00e9e.  Ce sac poss\u00e8de deux anses sup\u00e9rieures et une bandouli\u00e8re \u00e0 cha\u00eene en peau qui permettent de porter Agata Sport \u00e0 la main ou \u00e0 l\u2019\u00e9paule.  &nbsp;\" \/>\n<meta property=\"og:url\" content=\"https:\/\/eliem.fashion\/fr\/prodotto\/agata-sport\/\" \/>\n<meta property=\"og:site_name\" content=\"Eliem Fashion by Elizabeth Maria\" \/>\n<meta property=\"og:image\" content=\"https:\/\/eliem.fashion\/wp-content\/uploads\/2022\/03\/sport-1-3.jpg\" \/>\n\t<meta property=\"og:image:width\" content=\"800\" \/>\n\t<meta property=\"og:image:height\" content=\"1060\" \/>\n\t<meta property=\"og:image:type\" content=\"image\/jpeg\" \/>\n<meta name=\"twitter:card\" content=\"summary_large_image\" \/>\n<script type=\"application\/ld+json\" class=\"yoast-schema-graph\">{\"@context\":\"https:\/\/schema.org\",\"@graph\":[{\"@type\":\"WebPage\",\"@id\":\"https:\/\/eliem.fashion\/fr\/prodotto\/agata-sport\/\",\"url\":\"https:\/\/eliem.fashion\/fr\/prodotto\/agata-sport\/\",\"name\":\"Agata Sport (Non-r\u00e9versible) - Eliem Fashion by Elizabeth Maria\",\"isPartOf\":{\"@id\":\"https:\/\/eliem.fashion\/fr\/#website\"},\"primaryImageOfPage\":{\"@id\":\"https:\/\/eliem.fashion\/fr\/prodotto\/agata-sport\/#primaryimage\"},\"image\":{\"@id\":\"https:\/\/eliem.fashion\/fr\/prodotto\/agata-sport\/#primaryimage\"},\"thumbnailUrl\":\"https:\/\/eliem.fashion\/wp-content\/uploads\/2022\/03\/sport-1-3.jpg\",\"datePublished\":\"2022-03-15T15:56:16+00:00\",\"breadcrumb\":{\"@id\":\"https:\/\/eliem.fashion\/fr\/prodotto\/agata-sport\/#breadcrumb\"},\"inLanguage\":\"fr-FR\",\"potentialAction\":[{\"@type\":\"ReadAction\",\"target\":[\"https:\/\/eliem.fashion\/fr\/prodotto\/agata-sport\/\"]}]},{\"@type\":\"ImageObject\",\"inLanguage\":\"fr-FR\",\"@id\":\"https:\/\/eliem.fashion\/fr\/prodotto\/agata-sport\/#primaryimage\",\"url\":\"https:\/\/eliem.fashion\/wp-content\/uploads\/2022\/03\/sport-1-3.jpg\",\"contentUrl\":\"https:\/\/eliem.fashion\/wp-content\/uploads\/2022\/03\/sport-1-3.jpg\",\"width\":800,\"height\":1060,\"caption\":\"5 motivi per investire in una borsa in pelle made in Italy di alta qualit\u00e0\"},{\"@type\":\"BreadcrumbList\",\"@id\":\"https:\/\/eliem.fashion\/fr\/prodotto\/agata-sport\/#breadcrumb\",\"itemListElement\":[{\"@type\":\"ListItem\",\"position\":1,\"name\":\"Home\",\"item\":\"https:\/\/eliem.fashion\/\"},{\"@type\":\"ListItem\",\"position\":2,\"name\":\"Shop\",\"item\":\"https:\/\/eliem.fashion\/shop\/\"},{\"@type\":\"ListItem\",\"position\":3,\"name\":\"Agata Sport (Non-r\u00e9versible)\"}]},{\"@type\":\"WebSite\",\"@id\":\"https:\/\/eliem.fashion\/fr\/#website\",\"url\":\"https:\/\/eliem.fashion\/fr\/\",\"name\":\"Eliem Fashion by Elizabeth Maria\",\"description\":\"Three luxury bags in one\",\"potentialAction\":[{\"@type\":\"SearchAction\",\"target\":{\"@type\":\"EntryPoint\",\"urlTemplate\":\"https:\/\/eliem.fashion\/fr\/?s={search_term_string}\"},\"query-input\":{\"@type\":\"PropertyValueSpecification\",\"valueRequired\":true,\"valueName\":\"search_term_string\"}}],\"inLanguage\":\"fr-FR\"}]}<\/script>\n<!-- \/ Yoast SEO plugin. -->","yoast_head_json":{"title":"Agata Sport (Non-r\u00e9versible) - Eliem Fashion by Elizabeth Maria","robots":{"index":"index","follow":"follow","max-snippet":"max-snippet:-1","max-image-preview":"max-image-preview:large","max-video-preview":"max-video-preview:-1"},"canonical":"https:\/\/eliem.fashion\/fr\/prodotto\/agata-sport\/","og_locale":"fr_FR","og_type":"article","og_title":"Agata Sport (Non-r\u00e9versible) - Eliem Fashion by Elizabeth Maria","og_description":"Il est r\u00e9alis\u00e9 en peau totalement Made in Italy. Il est un sac ayant des lignes simples mais \u00e9l\u00e9gantes\u00a0: il est id\u00e9al aussi bien pour le jour que pour la soir\u00e9e.  Ce sac poss\u00e8de deux anses sup\u00e9rieures et une bandouli\u00e8re \u00e0 cha\u00eene en peau qui permettent de porter Agata Sport \u00e0 la main ou \u00e0 l\u2019\u00e9paule.  &nbsp;","og_url":"https:\/\/eliem.fashion\/fr\/prodotto\/agata-sport\/","og_site_name":"Eliem Fashion by Elizabeth Maria","og_image":[{"width":800,"height":1060,"url":"https:\/\/eliem.fashion\/wp-content\/uploads\/2022\/03\/sport-1-3.jpg","type":"image\/jpeg"}],"twitter_card":"summary_large_image","schema":{"@context":"https:\/\/schema.org","@graph":[{"@type":"WebPage","@id":"https:\/\/eliem.fashion\/fr\/prodotto\/agata-sport\/","url":"https:\/\/eliem.fashion\/fr\/prodotto\/agata-sport\/","name":"Agata Sport (Non-r\u00e9versible) - Eliem Fashion by Elizabeth Maria","isPartOf":{"@id":"https:\/\/eliem.fashion\/fr\/#website"},"primaryImageOfPage":{"@id":"https:\/\/eliem.fashion\/fr\/prodotto\/agata-sport\/#primaryimage"},"image":{"@id":"https:\/\/eliem.fashion\/fr\/prodotto\/agata-sport\/#primaryimage"},"thumbnailUrl":"https:\/\/eliem.fashion\/wp-content\/uploads\/2022\/03\/sport-1-3.jpg","datePublished":"2022-03-15T15:56:16+00:00","breadcrumb":{"@id":"https:\/\/eliem.fashion\/fr\/prodotto\/agata-sport\/#breadcrumb"},"inLanguage":"fr-FR","potentialAction":[{"@type":"ReadAction","target":["https:\/\/eliem.fashion\/fr\/prodotto\/agata-sport\/"]}]},{"@type":"ImageObject","inLanguage":"fr-FR","@id":"https:\/\/eliem.fashion\/fr\/prodotto\/agata-sport\/#primaryimage","url":"https:\/\/eliem.fashion\/wp-content\/uploads\/2022\/03\/sport-1-3.jpg","contentUrl":"https:\/\/eliem.fashion\/wp-content\/uploads\/2022\/03\/sport-1-3.jpg","width":800,"height":1060,"caption":"5 motivi per investire in una borsa in pelle made in Italy di alta qualit\u00e0"},{"@type":"BreadcrumbList","@id":"https:\/\/eliem.fashion\/fr\/prodotto\/agata-sport\/#breadcrumb","itemListElement":[{"@type":"ListItem","position":1,"name":"Home","item":"https:\/\/eliem.fashion\/"},{"@type":"ListItem","position":2,"name":"Shop","item":"https:\/\/eliem.fashion\/shop\/"},{"@type":"ListItem","position":3,"name":"Agata Sport (Non-r\u00e9versible)"}]},{"@type":"WebSite","@id":"https:\/\/eliem.fashion\/fr\/#website","url":"https:\/\/eliem.fashion\/fr\/","name":"Eliem Fashion by Elizabeth Maria","description":"Three luxury bags in one","potentialAction":[{"@type":"SearchAction","target":{"@type":"EntryPoint","urlTemplate":"https:\/\/eliem.fashion\/fr\/?s={search_term_string}"},"query-input":{"@type":"PropertyValueSpecification","valueRequired":true,"valueName":"search_term_string"}}],"inLanguage":"fr-FR"}]}},"jetpack_sharing_enabled":true,"_links":{"self":[{"href":"https:\/\/eliem.fashion\/fr\/wp-json\/wp\/v2\/product\/7668","targetHints":{"allow":["GET"]}}],"collection":[{"href":"https:\/\/eliem.fashion\/fr\/wp-json\/wp\/v2\/product"}],"about":[{"href":"https:\/\/eliem.fashion\/fr\/wp-json\/wp\/v2\/types\/product"}],"wp:featuredmedia":[{"embeddable":true,"href":"https:\/\/eliem.fashion\/fr\/wp-json\/wp\/v2\/media\/7608"}],"wp:attachment":[{"href":"https:\/\/eliem.fashion\/fr\/wp-json\/wp\/v2\/media?parent=7668"}],"wp:term":[{"taxonomy":"product_cat","embeddable":true,"href":"https:\/\/eliem.fashion\/fr\/wp-json\/wp\/v2\/product_cat?post=7668"},{"taxonomy":"product_tag","embeddable":true,"href":"https:\/\/eliem.fashion\/fr\/wp-json\/wp\/v2\/product_tag?post=7668"}],"curies":[{"name":"wp","href":"https:\/\/api.w.org\/{rel}","templated":true}]}}