{"id":7665,"date":"2022-03-30T12:27:45","date_gmt":"2022-03-30T10:27:45","guid":{"rendered":"https:\/\/eliem.fashion\/prodotto\/agata-elegant\/"},"modified":"2022-03-30T12:27:45","modified_gmt":"2022-03-30T10:27:45","slug":"agata-elegant","status":"publish","type":"product","link":"https:\/\/eliem.fashion\/fr\/prodotto\/agata-elegant\/","title":{"rendered":"Agata Elegant (Non r\u00e9versible)"},"content":{"rendered":"<h2>Caract\u00e9ristiques<\/h2>\n<ul>\n<li>Portabilit\u00e9 : \u00e0 la main ou \u00e0 l\u2019\u00e9paule. 38 x 27 x 19.0 cm (longeuer x hauteur x largeuer)<\/li>\n<li>Couleur : noir<\/li>\n<li>Peau de bovin<\/li>\n<li>2 taches int\u00e9rieures<\/li>\n<li>Bandouli\u00e8re r\u00e9glable au moyen d\u2019un mousqueton<\/li>\n<li>Accessoires \u00ab gondoles \u00bb plaqu\u00e9e or dedans et dehors<\/li>\n<li>Fabriqu\u00e9 en Italie<\/li>\n<\/ul>\n","protected":false},"excerpt":{"rendered":"<p>Il est fabriqu\u00e9 en cuir et est enti\u00e8rement fait \u00e0 la main. Agata Elegant est un sac aux lignes simples, mais \u00e9l\u00e9gantes, id\u00e9al pour la journ\u00e9e comme pour la soir\u00e9e.<\/p>\n<p>Une \u00e9l\u00e9gance et une beaut\u00e9 par suite de ses lignes essentielles et raffin\u00e9es e de la pr\u00e9sence de gondoles tr\u00e8s particuli\u00e8res qui sont plaqu\u00e9es or dedans et dehors.<\/p>\n","protected":false},"featured_media":7612,"template":"","meta":{"_acf_changed":false,"_joinchat":[]},"product_cat":[164],"product_tag":[],"class_list":["post-7665","product","type-product","status-publish","has-post-thumbnail","hentry","product_cat-produits"],"acf":[],"yoast_head":"<!-- This site is optimized with the Yoast SEO plugin v26.6 - https:\/\/yoast.com\/wordpress\/plugins\/seo\/ -->\n<title>Agata Elegant (Non r\u00e9versible) - Eliem Fashion by Elizabeth Maria<\/title>\n<meta name=\"robots\" content=\"index, follow, max-snippet:-1, max-image-preview:large, max-video-preview:-1\" \/>\n<link rel=\"canonical\" href=\"https:\/\/eliem.fashion\/fr\/prodotto\/agata-elegant\/\" \/>\n<meta property=\"og:locale\" content=\"fr_FR\" \/>\n<meta property=\"og:type\" content=\"article\" \/>\n<meta property=\"og:title\" content=\"Agata Elegant (Non r\u00e9versible) - Eliem Fashion by Elizabeth Maria\" \/>\n<meta property=\"og:description\" content=\"Il est fabriqu\u00e9 en cuir et est enti\u00e8rement fait \u00e0 la main. Agata Elegant est un sac aux lignes simples, mais \u00e9l\u00e9gantes, id\u00e9al pour la journ\u00e9e comme pour la soir\u00e9e.  Une \u00e9l\u00e9gance et une beaut\u00e9 par suite de ses lignes essentielles et raffin\u00e9es e de la pr\u00e9sence de gondoles tr\u00e8s particuli\u00e8res qui sont plaqu\u00e9es or dedans et dehors.\" \/>\n<meta property=\"og:url\" content=\"https:\/\/eliem.fashion\/fr\/prodotto\/agata-elegant\/\" \/>\n<meta property=\"og:site_name\" content=\"Eliem Fashion by Elizabeth Maria\" \/>\n<meta property=\"og:image\" content=\"https:\/\/eliem.fashion\/wp-content\/uploads\/2022\/03\/eleeeeee-ok2-2.jpg\" \/>\n\t<meta property=\"og:image:width\" content=\"800\" \/>\n\t<meta property=\"og:image:height\" content=\"1060\" \/>\n\t<meta property=\"og:image:type\" content=\"image\/jpeg\" \/>\n<meta name=\"twitter:card\" content=\"summary_large_image\" \/>\n<script type=\"application\/ld+json\" class=\"yoast-schema-graph\">{\"@context\":\"https:\/\/schema.org\",\"@graph\":[{\"@type\":\"WebPage\",\"@id\":\"https:\/\/eliem.fashion\/fr\/prodotto\/agata-elegant\/\",\"url\":\"https:\/\/eliem.fashion\/fr\/prodotto\/agata-elegant\/\",\"name\":\"Agata Elegant (Non r\u00e9versible) - Eliem Fashion by Elizabeth Maria\",\"isPartOf\":{\"@id\":\"https:\/\/eliem.fashion\/fr\/#website\"},\"primaryImageOfPage\":{\"@id\":\"https:\/\/eliem.fashion\/fr\/prodotto\/agata-elegant\/#primaryimage\"},\"image\":{\"@id\":\"https:\/\/eliem.fashion\/fr\/prodotto\/agata-elegant\/#primaryimage\"},\"thumbnailUrl\":\"https:\/\/eliem.fashion\/wp-content\/uploads\/2022\/03\/eleeeeee-ok2-2.jpg\",\"datePublished\":\"2022-03-30T10:27:45+00:00\",\"breadcrumb\":{\"@id\":\"https:\/\/eliem.fashion\/fr\/prodotto\/agata-elegant\/#breadcrumb\"},\"inLanguage\":\"fr-FR\",\"potentialAction\":[{\"@type\":\"ReadAction\",\"target\":[\"https:\/\/eliem.fashion\/fr\/prodotto\/agata-elegant\/\"]}]},{\"@type\":\"ImageObject\",\"inLanguage\":\"fr-FR\",\"@id\":\"https:\/\/eliem.fashion\/fr\/prodotto\/agata-elegant\/#primaryimage\",\"url\":\"https:\/\/eliem.fashion\/wp-content\/uploads\/2022\/03\/eleeeeee-ok2-2.jpg\",\"contentUrl\":\"https:\/\/eliem.fashion\/wp-content\/uploads\/2022\/03\/eleeeeee-ok2-2.jpg\",\"width\":800,\"height\":1060,\"caption\":\"sac en cuir noir\"},{\"@type\":\"BreadcrumbList\",\"@id\":\"https:\/\/eliem.fashion\/fr\/prodotto\/agata-elegant\/#breadcrumb\",\"itemListElement\":[{\"@type\":\"ListItem\",\"position\":1,\"name\":\"Home\",\"item\":\"https:\/\/eliem.fashion\/\"},{\"@type\":\"ListItem\",\"position\":2,\"name\":\"Shop\",\"item\":\"https:\/\/eliem.fashion\/shop\/\"},{\"@type\":\"ListItem\",\"position\":3,\"name\":\"Agata Elegant (Non r\u00e9versible)\"}]},{\"@type\":\"WebSite\",\"@id\":\"https:\/\/eliem.fashion\/fr\/#website\",\"url\":\"https:\/\/eliem.fashion\/fr\/\",\"name\":\"Eliem Fashion by Elizabeth Maria\",\"description\":\"Three luxury bags in one\",\"potentialAction\":[{\"@type\":\"SearchAction\",\"target\":{\"@type\":\"EntryPoint\",\"urlTemplate\":\"https:\/\/eliem.fashion\/fr\/?s={search_term_string}\"},\"query-input\":{\"@type\":\"PropertyValueSpecification\",\"valueRequired\":true,\"valueName\":\"search_term_string\"}}],\"inLanguage\":\"fr-FR\"}]}<\/script>\n<!-- \/ Yoast SEO plugin. -->","yoast_head_json":{"title":"Agata Elegant (Non r\u00e9versible) - Eliem Fashion by Elizabeth Maria","robots":{"index":"index","follow":"follow","max-snippet":"max-snippet:-1","max-image-preview":"max-image-preview:large","max-video-preview":"max-video-preview:-1"},"canonical":"https:\/\/eliem.fashion\/fr\/prodotto\/agata-elegant\/","og_locale":"fr_FR","og_type":"article","og_title":"Agata Elegant (Non r\u00e9versible) - Eliem Fashion by Elizabeth Maria","og_description":"Il est fabriqu\u00e9 en cuir et est enti\u00e8rement fait \u00e0 la main. Agata Elegant est un sac aux lignes simples, mais \u00e9l\u00e9gantes, id\u00e9al pour la journ\u00e9e comme pour la soir\u00e9e.  Une \u00e9l\u00e9gance et une beaut\u00e9 par suite de ses lignes essentielles et raffin\u00e9es e de la pr\u00e9sence de gondoles tr\u00e8s particuli\u00e8res qui sont plaqu\u00e9es or dedans et dehors.","og_url":"https:\/\/eliem.fashion\/fr\/prodotto\/agata-elegant\/","og_site_name":"Eliem Fashion by Elizabeth Maria","og_image":[{"width":800,"height":1060,"url":"https:\/\/eliem.fashion\/wp-content\/uploads\/2022\/03\/eleeeeee-ok2-2.jpg","type":"image\/jpeg"}],"twitter_card":"summary_large_image","schema":{"@context":"https:\/\/schema.org","@graph":[{"@type":"WebPage","@id":"https:\/\/eliem.fashion\/fr\/prodotto\/agata-elegant\/","url":"https:\/\/eliem.fashion\/fr\/prodotto\/agata-elegant\/","name":"Agata Elegant (Non r\u00e9versible) - Eliem Fashion by Elizabeth Maria","isPartOf":{"@id":"https:\/\/eliem.fashion\/fr\/#website"},"primaryImageOfPage":{"@id":"https:\/\/eliem.fashion\/fr\/prodotto\/agata-elegant\/#primaryimage"},"image":{"@id":"https:\/\/eliem.fashion\/fr\/prodotto\/agata-elegant\/#primaryimage"},"thumbnailUrl":"https:\/\/eliem.fashion\/wp-content\/uploads\/2022\/03\/eleeeeee-ok2-2.jpg","datePublished":"2022-03-30T10:27:45+00:00","breadcrumb":{"@id":"https:\/\/eliem.fashion\/fr\/prodotto\/agata-elegant\/#breadcrumb"},"inLanguage":"fr-FR","potentialAction":[{"@type":"ReadAction","target":["https:\/\/eliem.fashion\/fr\/prodotto\/agata-elegant\/"]}]},{"@type":"ImageObject","inLanguage":"fr-FR","@id":"https:\/\/eliem.fashion\/fr\/prodotto\/agata-elegant\/#primaryimage","url":"https:\/\/eliem.fashion\/wp-content\/uploads\/2022\/03\/eleeeeee-ok2-2.jpg","contentUrl":"https:\/\/eliem.fashion\/wp-content\/uploads\/2022\/03\/eleeeeee-ok2-2.jpg","width":800,"height":1060,"caption":"sac en cuir noir"},{"@type":"BreadcrumbList","@id":"https:\/\/eliem.fashion\/fr\/prodotto\/agata-elegant\/#breadcrumb","itemListElement":[{"@type":"ListItem","position":1,"name":"Home","item":"https:\/\/eliem.fashion\/"},{"@type":"ListItem","position":2,"name":"Shop","item":"https:\/\/eliem.fashion\/shop\/"},{"@type":"ListItem","position":3,"name":"Agata Elegant (Non r\u00e9versible)"}]},{"@type":"WebSite","@id":"https:\/\/eliem.fashion\/fr\/#website","url":"https:\/\/eliem.fashion\/fr\/","name":"Eliem Fashion by Elizabeth Maria","description":"Three luxury bags in one","potentialAction":[{"@type":"SearchAction","target":{"@type":"EntryPoint","urlTemplate":"https:\/\/eliem.fashion\/fr\/?s={search_term_string}"},"query-input":{"@type":"PropertyValueSpecification","valueRequired":true,"valueName":"search_term_string"}}],"inLanguage":"fr-FR"}]}},"jetpack_sharing_enabled":true,"_links":{"self":[{"href":"https:\/\/eliem.fashion\/fr\/wp-json\/wp\/v2\/product\/7665","targetHints":{"allow":["GET"]}}],"collection":[{"href":"https:\/\/eliem.fashion\/fr\/wp-json\/wp\/v2\/product"}],"about":[{"href":"https:\/\/eliem.fashion\/fr\/wp-json\/wp\/v2\/types\/product"}],"wp:featuredmedia":[{"embeddable":true,"href":"https:\/\/eliem.fashion\/fr\/wp-json\/wp\/v2\/media\/7612"}],"wp:attachment":[{"href":"https:\/\/eliem.fashion\/fr\/wp-json\/wp\/v2\/media?parent=7665"}],"wp:term":[{"taxonomy":"product_cat","embeddable":true,"href":"https:\/\/eliem.fashion\/fr\/wp-json\/wp\/v2\/product_cat?post=7665"},{"taxonomy":"product_tag","embeddable":true,"href":"https:\/\/eliem.fashion\/fr\/wp-json\/wp\/v2\/product_tag?post=7665"}],"curies":[{"name":"wp","href":"https:\/\/api.w.org\/{rel}","templated":true}]}}