{"id":110,"date":"2020-09-15T08:13:24","date_gmt":"2020-09-15T06:13:24","guid":{"rendered":"https:\/\/lacomete.edge-themes.com\/?post_type=product&#038;p=110"},"modified":"2023-03-19T21:01:07","modified_gmt":"2023-03-19T20:01:07","slug":"agata-venice","status":"publish","type":"product","link":"https:\/\/eliem.fashion\/fr\/prodotto\/agata-venice\/","title":{"rendered":"Agata Venice con Gondole ( Reversibile)"},"content":{"rendered":"<h2>Caratteristiche<\/h2>\n<div id=\"text_productFeatures\" class=\"foldArea\" aria-hidden=\"false\">\n<p>Portabilit\u00e0: a mano, al braccio o a spalla.<\/p>\n<p><bdo dir=\"ltr\">38 x 27 x 19.0 cm<br \/>\n( Lunghezza x Altezza x Larghezza )<br \/>\n<\/bdo><\/p>\n<ul>\n<li>Pelle bovino,<\/li>\n<li>Colore DOUBLE FACE<\/li>\n<li><strong>Doppia pelle interno ed esterno<\/strong><\/li>\n<li>Accessori \u201cgondole\u201d placcati ORO dentro e fuori<\/li>\n<li>Accessori e moschettoni placcati ORO<\/li>\n<li>Due manici superiori per portare il modello al braccio o a mano<\/li>\n<li>Tracolla regolabile (Lunghezza min. 51 cm, max 56 cm)<\/li>\n<li>Due tasche interne con chiusura magnetica (che diventano esterne con il modello sportivo)<\/li>\n<li>Tracolla:\u00a0Amovibile, regolabile<\/li>\n<li>Tracolla con moschettone Altezza (Luce):\u00a036.0 cm<\/li>\n<li>Tracolla con moschettone Altezza (Luce) Max:\u00a072.0 cm<\/li>\n<li>Manico:\u00a0Semplice X2<\/li>\n<li>Made in Italy<\/li>\n<\/ul>\n<\/div>\n<p>&nbsp;<\/p>\n","protected":false},"excerpt":{"rendered":"<p><strong>AGATA<\/strong> <strong>VENICE<\/strong> \u00e8 una borsa da donna con delle caratteristiche uniche \u00e8 particolari, dotata di <strong>reversibilit\u00e0 (<a href=\"https:\/\/eliem.fashion\/account\/\">Vuoi vedere come si gira? Clicca qui e registrati<\/a>) <\/strong>portando la sua superficie esterna all&#8217;interno e viceversa, diversificando COS\u00cc le funzionalit\u00e0 e configurazione della borsa in ciascuna delle modalit\u00e0 di inversione, con il risultato evidente di avere versioni completamente differenti dello stesso prodotto.<\/p>\n<p>Aggiungendo la <strong>pochette<\/strong> all&#8217;interno per completare l&#8217;uso di ENTRAMBE LE parti.<\/p>\n<p>&nbsp;<\/p>\n","protected":false},"featured_media":4187,"template":"","meta":{"_acf_changed":false,"_joinchat":[]},"product_cat":[116],"product_tag":[],"class_list":["post-110","product","type-product","status-publish","has-post-thumbnail","hentry","product_cat-prodotti"],"acf":[],"yoast_head":"<!-- This site is optimized with the Yoast SEO plugin v26.6 - https:\/\/yoast.com\/wordpress\/plugins\/seo\/ -->\n<title>Borsa in pelle artigianale con gondola | Eliem.fashion<\/title>\n<meta name=\"description\" content=\"Stai cercando una borsa in pelle artigianale? Entra in eliem.fashion e scegli l&#039;Unica borsa che rappresenta la magica citt\u00e0 di Venezia.\" \/>\n<meta name=\"robots\" content=\"index, follow, max-snippet:-1, max-image-preview:large, max-video-preview:-1\" \/>\n<link rel=\"canonical\" href=\"https:\/\/eliem.fashion\/fr\/prodotto\/agata-venice\/\" \/>\n<meta property=\"og:locale\" content=\"fr_FR\" \/>\n<meta property=\"og:type\" content=\"article\" \/>\n<meta property=\"og:title\" content=\"Borsa in pelle artigianale con gondola | Eliem.fashion\" \/>\n<meta property=\"og:description\" content=\"Stai cercando una borsa in pelle artigianale? Entra in eliem.fashion e scegli l&#039;Unica borsa che rappresenta la magica citt\u00e0 di Venezia.\" \/>\n<meta property=\"og:url\" content=\"https:\/\/eliem.fashion\/fr\/prodotto\/agata-venice\/\" \/>\n<meta property=\"og:site_name\" content=\"Eliem Fashion by Elizabeth Maria\" \/>\n<meta property=\"article:modified_time\" content=\"2023-03-19T20:01:07+00:00\" \/>\n<meta property=\"og:image\" content=\"https:\/\/eliem.fashion\/wp-content\/uploads\/2019\/04\/2.jpg\" \/>\n\t<meta property=\"og:image:width\" content=\"800\" \/>\n\t<meta property=\"og:image:height\" content=\"1060\" \/>\n\t<meta property=\"og:image:type\" content=\"image\/jpeg\" \/>\n<meta name=\"twitter:card\" content=\"summary_large_image\" \/>\n<script type=\"application\/ld+json\" class=\"yoast-schema-graph\">{\"@context\":\"https:\/\/schema.org\",\"@graph\":[{\"@type\":\"WebPage\",\"@id\":\"https:\/\/eliem.fashion\/fr\/prodotto\/agata-venice\/\",\"url\":\"https:\/\/eliem.fashion\/fr\/prodotto\/agata-venice\/\",\"name\":\"Borsa in pelle artigianale con gondola | Eliem.fashion\",\"isPartOf\":{\"@id\":\"https:\/\/eliem.fashion\/fr\/#website\"},\"primaryImageOfPage\":{\"@id\":\"https:\/\/eliem.fashion\/fr\/prodotto\/agata-venice\/#primaryimage\"},\"image\":{\"@id\":\"https:\/\/eliem.fashion\/fr\/prodotto\/agata-venice\/#primaryimage\"},\"thumbnailUrl\":\"https:\/\/eliem.fashion\/wp-content\/uploads\/2019\/04\/2.jpg\",\"datePublished\":\"2020-09-15T06:13:24+00:00\",\"dateModified\":\"2023-03-19T20:01:07+00:00\",\"description\":\"Stai cercando una borsa in pelle artigianale? Entra in eliem.fashion e scegli l'Unica borsa che rappresenta la magica citt\u00e0 di Venezia.\",\"breadcrumb\":{\"@id\":\"https:\/\/eliem.fashion\/fr\/prodotto\/agata-venice\/#breadcrumb\"},\"inLanguage\":\"fr-FR\",\"potentialAction\":[{\"@type\":\"ReadAction\",\"target\":[\"https:\/\/eliem.fashion\/fr\/prodotto\/agata-venice\/\"]}]},{\"@type\":\"ImageObject\",\"inLanguage\":\"fr-FR\",\"@id\":\"https:\/\/eliem.fashion\/fr\/prodotto\/agata-venice\/#primaryimage\",\"url\":\"https:\/\/eliem.fashion\/wp-content\/uploads\/2019\/04\/2.jpg\",\"contentUrl\":\"https:\/\/eliem.fashion\/wp-content\/uploads\/2019\/04\/2.jpg\",\"width\":800,\"height\":1060,\"caption\":\"borsa in pelle artigianale\"},{\"@type\":\"BreadcrumbList\",\"@id\":\"https:\/\/eliem.fashion\/fr\/prodotto\/agata-venice\/#breadcrumb\",\"itemListElement\":[{\"@type\":\"ListItem\",\"position\":1,\"name\":\"Home\",\"item\":\"https:\/\/eliem.fashion\/\"},{\"@type\":\"ListItem\",\"position\":2,\"name\":\"Shop\",\"item\":\"https:\/\/eliem.fashion\/shop\/\"},{\"@type\":\"ListItem\",\"position\":3,\"name\":\"Agata Venice con Gondole ( Reversibile)\"}]},{\"@type\":\"WebSite\",\"@id\":\"https:\/\/eliem.fashion\/fr\/#website\",\"url\":\"https:\/\/eliem.fashion\/fr\/\",\"name\":\"Eliem Fashion by Elizabeth Maria\",\"description\":\"Three luxury bags in one\",\"potentialAction\":[{\"@type\":\"SearchAction\",\"target\":{\"@type\":\"EntryPoint\",\"urlTemplate\":\"https:\/\/eliem.fashion\/fr\/?s={search_term_string}\"},\"query-input\":{\"@type\":\"PropertyValueSpecification\",\"valueRequired\":true,\"valueName\":\"search_term_string\"}}],\"inLanguage\":\"fr-FR\"}]}<\/script>\n<!-- \/ Yoast SEO plugin. -->","yoast_head_json":{"title":"Borsa in pelle artigianale con gondola | Eliem.fashion","description":"Stai cercando una borsa in pelle artigianale? Entra in eliem.fashion e scegli l'Unica borsa che rappresenta la magica citt\u00e0 di Venezia.","robots":{"index":"index","follow":"follow","max-snippet":"max-snippet:-1","max-image-preview":"max-image-preview:large","max-video-preview":"max-video-preview:-1"},"canonical":"https:\/\/eliem.fashion\/fr\/prodotto\/agata-venice\/","og_locale":"fr_FR","og_type":"article","og_title":"Borsa in pelle artigianale con gondola | Eliem.fashion","og_description":"Stai cercando una borsa in pelle artigianale? Entra in eliem.fashion e scegli l'Unica borsa che rappresenta la magica citt\u00e0 di Venezia.","og_url":"https:\/\/eliem.fashion\/fr\/prodotto\/agata-venice\/","og_site_name":"Eliem Fashion by Elizabeth Maria","article_modified_time":"2023-03-19T20:01:07+00:00","og_image":[{"width":800,"height":1060,"url":"https:\/\/eliem.fashion\/wp-content\/uploads\/2019\/04\/2.jpg","type":"image\/jpeg"}],"twitter_card":"summary_large_image","schema":{"@context":"https:\/\/schema.org","@graph":[{"@type":"WebPage","@id":"https:\/\/eliem.fashion\/fr\/prodotto\/agata-venice\/","url":"https:\/\/eliem.fashion\/fr\/prodotto\/agata-venice\/","name":"Borsa in pelle artigianale con gondola | Eliem.fashion","isPartOf":{"@id":"https:\/\/eliem.fashion\/fr\/#website"},"primaryImageOfPage":{"@id":"https:\/\/eliem.fashion\/fr\/prodotto\/agata-venice\/#primaryimage"},"image":{"@id":"https:\/\/eliem.fashion\/fr\/prodotto\/agata-venice\/#primaryimage"},"thumbnailUrl":"https:\/\/eliem.fashion\/wp-content\/uploads\/2019\/04\/2.jpg","datePublished":"2020-09-15T06:13:24+00:00","dateModified":"2023-03-19T20:01:07+00:00","description":"Stai cercando una borsa in pelle artigianale? Entra in eliem.fashion e scegli l'Unica borsa che rappresenta la magica citt\u00e0 di Venezia.","breadcrumb":{"@id":"https:\/\/eliem.fashion\/fr\/prodotto\/agata-venice\/#breadcrumb"},"inLanguage":"fr-FR","potentialAction":[{"@type":"ReadAction","target":["https:\/\/eliem.fashion\/fr\/prodotto\/agata-venice\/"]}]},{"@type":"ImageObject","inLanguage":"fr-FR","@id":"https:\/\/eliem.fashion\/fr\/prodotto\/agata-venice\/#primaryimage","url":"https:\/\/eliem.fashion\/wp-content\/uploads\/2019\/04\/2.jpg","contentUrl":"https:\/\/eliem.fashion\/wp-content\/uploads\/2019\/04\/2.jpg","width":800,"height":1060,"caption":"borsa in pelle artigianale"},{"@type":"BreadcrumbList","@id":"https:\/\/eliem.fashion\/fr\/prodotto\/agata-venice\/#breadcrumb","itemListElement":[{"@type":"ListItem","position":1,"name":"Home","item":"https:\/\/eliem.fashion\/"},{"@type":"ListItem","position":2,"name":"Shop","item":"https:\/\/eliem.fashion\/shop\/"},{"@type":"ListItem","position":3,"name":"Agata Venice con Gondole ( Reversibile)"}]},{"@type":"WebSite","@id":"https:\/\/eliem.fashion\/fr\/#website","url":"https:\/\/eliem.fashion\/fr\/","name":"Eliem Fashion by Elizabeth Maria","description":"Three luxury bags in one","potentialAction":[{"@type":"SearchAction","target":{"@type":"EntryPoint","urlTemplate":"https:\/\/eliem.fashion\/fr\/?s={search_term_string}"},"query-input":{"@type":"PropertyValueSpecification","valueRequired":true,"valueName":"search_term_string"}}],"inLanguage":"fr-FR"}]}},"jetpack_sharing_enabled":true,"_links":{"self":[{"href":"https:\/\/eliem.fashion\/fr\/wp-json\/wp\/v2\/product\/110","targetHints":{"allow":["GET"]}}],"collection":[{"href":"https:\/\/eliem.fashion\/fr\/wp-json\/wp\/v2\/product"}],"about":[{"href":"https:\/\/eliem.fashion\/fr\/wp-json\/wp\/v2\/types\/product"}],"wp:featuredmedia":[{"embeddable":true,"href":"https:\/\/eliem.fashion\/fr\/wp-json\/wp\/v2\/media\/4187"}],"wp:attachment":[{"href":"https:\/\/eliem.fashion\/fr\/wp-json\/wp\/v2\/media?parent=110"}],"wp:term":[{"taxonomy":"product_cat","embeddable":true,"href":"https:\/\/eliem.fashion\/fr\/wp-json\/wp\/v2\/product_cat?post=110"},{"taxonomy":"product_tag","embeddable":true,"href":"https:\/\/eliem.fashion\/fr\/wp-json\/wp\/v2\/product_tag?post=110"}],"curies":[{"name":"wp","href":"https:\/\/api.w.org\/{rel}","templated":true}]}}