{"id":5622,"date":"2020-10-08T12:39:02","date_gmt":"2020-10-08T10:39:04","guid":{"rendered":"https:\/\/eliem.fashion\/?post_type=product&#038;p=5622"},"modified":"2022-07-19T22:25:18","modified_gmt":"2022-07-19T20:25:18","slug":"agata-senza-gondole","status":"publish","type":"product","link":"https:\/\/eliem.fashion\/es\/producto\/agata-senza-gondole\/","title":{"rendered":"Agata Venice sin Gondolas ( Reversible)"},"content":{"rendered":"<h2>Caracteristicas<\/h2>\n<div id=\"text_productFeatures\" class=\"foldArea\" aria-hidden=\"false\">\n<p>Se lleva en la mano, en l brazo o sobre el hombro. 38x27x190cm(Largo x Alto x Ancho)<\/p>\n<ul>\n<li>Cuero de vaca;<\/li>\n<li>Doble cara;<\/li>\n<li>Correa de hombro ajustable (longitud minima de 51 cm, m\u00e0xima de 56 cm);<\/li>\n<li>Correa de hombro: extraible y ajustable;<\/li>\n<li>Correa de hombro con gancho de seguridad altura : 36 cm;<\/li>\n<li>Correa de hombro con mosquet\u00f2n altura m\u00e0xima: 72cm;<\/li>\n<li>Fabricado en Italia.<\/li>\n<\/ul>\n<\/div>\n<p>&nbsp;<\/p>\n","protected":false},"excerpt":{"rendered":"<p><strong>AGATA<\/strong> es un bolso de mujer con caracter\u00edsticas \u00fanicas y particulares, dotado de <strong>reversibilidad (<a href=\"https:\/\/eliem.fashion\/es\/account\/\">\u00bfQuieres ver c\u00f3mo gira? Haz clic aqu\u00ed y reg\u00edstrate<\/a>)<\/strong> al llevar su superficie externa al interior y viceversa, diversificando as\u00ed la funcionalidad y configuraci\u00f3n del bolso en cada uno de los modos de inversi\u00f3n, con el evidente resultado de tener versiones completamente diferentes. diferente del mismo producto. A\u00f1adiendo el embrague en el interior para completar el uso de AMBAS partes.<\/p>\n","protected":false},"featured_media":5626,"template":"","meta":{"_acf_changed":false,"_joinchat":[]},"product_cat":[125],"product_tag":[],"class_list":["post-5622","product","type-product","status-publish","has-post-thumbnail","hentry","product_cat-prodotti-es"],"acf":[],"yoast_head":"<!-- This site is optimized with the Yoast SEO plugin v26.6 - https:\/\/yoast.com\/wordpress\/plugins\/seo\/ -->\n<title>Agata Venice sin Gondolas ( Reversible) - Eliem Fashion by Elizabeth Maria<\/title>\n<meta name=\"robots\" content=\"index, follow, max-snippet:-1, max-image-preview:large, max-video-preview:-1\" \/>\n<link rel=\"canonical\" href=\"https:\/\/eliem.fashion\/es\/producto\/agata-senza-gondole\/\" \/>\n<meta property=\"og:locale\" content=\"es_ES\" \/>\n<meta property=\"og:type\" content=\"article\" \/>\n<meta property=\"og:title\" content=\"Agata Venice sin Gondolas ( Reversible) - Eliem Fashion by Elizabeth Maria\" \/>\n<meta property=\"og:description\" content=\"AGATA es un bolso de mujer con caracter\u00edsticas \u00fanicas y particulares, dotado de reversibilidad (\u00bfQuieres ver c\u00f3mo gira? Haz clic aqu\u00ed y reg\u00edstrate) al llevar su superficie externa al interior y viceversa, diversificando as\u00ed la funcionalidad y configuraci\u00f3n del bolso en cada uno de los modos de inversi\u00f3n, con el evidente resultado de tener versiones completamente diferentes. diferente del mismo producto. A\u00f1adiendo el embrague en el interior para completar el uso de AMBAS partes.\" \/>\n<meta property=\"og:url\" content=\"https:\/\/eliem.fashion\/es\/producto\/agata-senza-gondole\/\" \/>\n<meta property=\"og:site_name\" content=\"Eliem Fashion by Elizabeth Maria\" \/>\n<meta property=\"article:modified_time\" content=\"2022-07-19T20:25:18+00:00\" \/>\n<meta property=\"og:image\" content=\"https:\/\/eliem.fashion\/wp-content\/uploads\/2020\/10\/agata2.png\" \/>\n\t<meta property=\"og:image:width\" content=\"800\" \/>\n\t<meta property=\"og:image:height\" content=\"1060\" \/>\n\t<meta property=\"og:image:type\" content=\"image\/png\" \/>\n<meta name=\"twitter:card\" content=\"summary_large_image\" \/>\n<script type=\"application\/ld+json\" class=\"yoast-schema-graph\">{\"@context\":\"https:\/\/schema.org\",\"@graph\":[{\"@type\":\"WebPage\",\"@id\":\"https:\/\/eliem.fashion\/es\/producto\/agata-senza-gondole\/\",\"url\":\"https:\/\/eliem.fashion\/es\/producto\/agata-senza-gondole\/\",\"name\":\"Agata Venice sin Gondolas ( Reversible) - Eliem Fashion by Elizabeth Maria\",\"isPartOf\":{\"@id\":\"https:\/\/eliem.fashion\/es\/#website\"},\"primaryImageOfPage\":{\"@id\":\"https:\/\/eliem.fashion\/es\/producto\/agata-senza-gondole\/#primaryimage\"},\"image\":{\"@id\":\"https:\/\/eliem.fashion\/es\/producto\/agata-senza-gondole\/#primaryimage\"},\"thumbnailUrl\":\"https:\/\/eliem.fashion\/wp-content\/uploads\/2020\/10\/agata2.png\",\"datePublished\":\"2020-10-08T10:39:04+00:00\",\"dateModified\":\"2022-07-19T20:25:18+00:00\",\"breadcrumb\":{\"@id\":\"https:\/\/eliem.fashion\/es\/producto\/agata-senza-gondole\/#breadcrumb\"},\"inLanguage\":\"es\",\"potentialAction\":[{\"@type\":\"ReadAction\",\"target\":[\"https:\/\/eliem.fashion\/es\/producto\/agata-senza-gondole\/\"]}]},{\"@type\":\"ImageObject\",\"inLanguage\":\"es\",\"@id\":\"https:\/\/eliem.fashion\/es\/producto\/agata-senza-gondole\/#primaryimage\",\"url\":\"https:\/\/eliem.fashion\/wp-content\/uploads\/2020\/10\/agata2.png\",\"contentUrl\":\"https:\/\/eliem.fashion\/wp-content\/uploads\/2020\/10\/agata2.png\",\"width\":800,\"height\":1060,\"caption\":\"borsa reversibile\"},{\"@type\":\"BreadcrumbList\",\"@id\":\"https:\/\/eliem.fashion\/es\/producto\/agata-senza-gondole\/#breadcrumb\",\"itemListElement\":[{\"@type\":\"ListItem\",\"position\":1,\"name\":\"Home\",\"item\":\"https:\/\/eliem.fashion\/es\/\"},{\"@type\":\"ListItem\",\"position\":2,\"name\":\"Shop\",\"item\":\"https:\/\/eliem.fashion\/es\/shop\/\"},{\"@type\":\"ListItem\",\"position\":3,\"name\":\"Agata Venice sin Gondolas ( Reversible)\"}]},{\"@type\":\"WebSite\",\"@id\":\"https:\/\/eliem.fashion\/es\/#website\",\"url\":\"https:\/\/eliem.fashion\/es\/\",\"name\":\"Eliem Fashion by Elizabeth Maria\",\"description\":\"Three luxury bags in one\",\"potentialAction\":[{\"@type\":\"SearchAction\",\"target\":{\"@type\":\"EntryPoint\",\"urlTemplate\":\"https:\/\/eliem.fashion\/es\/?s={search_term_string}\"},\"query-input\":{\"@type\":\"PropertyValueSpecification\",\"valueRequired\":true,\"valueName\":\"search_term_string\"}}],\"inLanguage\":\"es\"}]}<\/script>\n<!-- \/ Yoast SEO plugin. -->","yoast_head_json":{"title":"Agata Venice sin Gondolas ( Reversible) - Eliem Fashion by Elizabeth Maria","robots":{"index":"index","follow":"follow","max-snippet":"max-snippet:-1","max-image-preview":"max-image-preview:large","max-video-preview":"max-video-preview:-1"},"canonical":"https:\/\/eliem.fashion\/es\/producto\/agata-senza-gondole\/","og_locale":"es_ES","og_type":"article","og_title":"Agata Venice sin Gondolas ( Reversible) - Eliem Fashion by Elizabeth Maria","og_description":"AGATA es un bolso de mujer con caracter\u00edsticas \u00fanicas y particulares, dotado de reversibilidad (\u00bfQuieres ver c\u00f3mo gira? Haz clic aqu\u00ed y reg\u00edstrate) al llevar su superficie externa al interior y viceversa, diversificando as\u00ed la funcionalidad y configuraci\u00f3n del bolso en cada uno de los modos de inversi\u00f3n, con el evidente resultado de tener versiones completamente diferentes. diferente del mismo producto. A\u00f1adiendo el embrague en el interior para completar el uso de AMBAS partes.","og_url":"https:\/\/eliem.fashion\/es\/producto\/agata-senza-gondole\/","og_site_name":"Eliem Fashion by Elizabeth Maria","article_modified_time":"2022-07-19T20:25:18+00:00","og_image":[{"width":800,"height":1060,"url":"https:\/\/eliem.fashion\/wp-content\/uploads\/2020\/10\/agata2.png","type":"image\/png"}],"twitter_card":"summary_large_image","schema":{"@context":"https:\/\/schema.org","@graph":[{"@type":"WebPage","@id":"https:\/\/eliem.fashion\/es\/producto\/agata-senza-gondole\/","url":"https:\/\/eliem.fashion\/es\/producto\/agata-senza-gondole\/","name":"Agata Venice sin Gondolas ( Reversible) - Eliem Fashion by Elizabeth Maria","isPartOf":{"@id":"https:\/\/eliem.fashion\/es\/#website"},"primaryImageOfPage":{"@id":"https:\/\/eliem.fashion\/es\/producto\/agata-senza-gondole\/#primaryimage"},"image":{"@id":"https:\/\/eliem.fashion\/es\/producto\/agata-senza-gondole\/#primaryimage"},"thumbnailUrl":"https:\/\/eliem.fashion\/wp-content\/uploads\/2020\/10\/agata2.png","datePublished":"2020-10-08T10:39:04+00:00","dateModified":"2022-07-19T20:25:18+00:00","breadcrumb":{"@id":"https:\/\/eliem.fashion\/es\/producto\/agata-senza-gondole\/#breadcrumb"},"inLanguage":"es","potentialAction":[{"@type":"ReadAction","target":["https:\/\/eliem.fashion\/es\/producto\/agata-senza-gondole\/"]}]},{"@type":"ImageObject","inLanguage":"es","@id":"https:\/\/eliem.fashion\/es\/producto\/agata-senza-gondole\/#primaryimage","url":"https:\/\/eliem.fashion\/wp-content\/uploads\/2020\/10\/agata2.png","contentUrl":"https:\/\/eliem.fashion\/wp-content\/uploads\/2020\/10\/agata2.png","width":800,"height":1060,"caption":"borsa reversibile"},{"@type":"BreadcrumbList","@id":"https:\/\/eliem.fashion\/es\/producto\/agata-senza-gondole\/#breadcrumb","itemListElement":[{"@type":"ListItem","position":1,"name":"Home","item":"https:\/\/eliem.fashion\/es\/"},{"@type":"ListItem","position":2,"name":"Shop","item":"https:\/\/eliem.fashion\/es\/shop\/"},{"@type":"ListItem","position":3,"name":"Agata Venice sin Gondolas ( Reversible)"}]},{"@type":"WebSite","@id":"https:\/\/eliem.fashion\/es\/#website","url":"https:\/\/eliem.fashion\/es\/","name":"Eliem Fashion by Elizabeth Maria","description":"Three luxury bags in one","potentialAction":[{"@type":"SearchAction","target":{"@type":"EntryPoint","urlTemplate":"https:\/\/eliem.fashion\/es\/?s={search_term_string}"},"query-input":{"@type":"PropertyValueSpecification","valueRequired":true,"valueName":"search_term_string"}}],"inLanguage":"es"}]}},"jetpack_sharing_enabled":true,"_links":{"self":[{"href":"https:\/\/eliem.fashion\/es\/wp-json\/wp\/v2\/product\/5622","targetHints":{"allow":["GET"]}}],"collection":[{"href":"https:\/\/eliem.fashion\/es\/wp-json\/wp\/v2\/product"}],"about":[{"href":"https:\/\/eliem.fashion\/es\/wp-json\/wp\/v2\/types\/product"}],"wp:featuredmedia":[{"embeddable":true,"href":"https:\/\/eliem.fashion\/es\/wp-json\/wp\/v2\/media\/5626"}],"wp:attachment":[{"href":"https:\/\/eliem.fashion\/es\/wp-json\/wp\/v2\/media?parent=5622"}],"wp:term":[{"taxonomy":"product_cat","embeddable":true,"href":"https:\/\/eliem.fashion\/es\/wp-json\/wp\/v2\/product_cat?post=5622"},{"taxonomy":"product_tag","embeddable":true,"href":"https:\/\/eliem.fashion\/es\/wp-json\/wp\/v2\/product_tag?post=5622"}],"curies":[{"name":"wp","href":"https:\/\/api.w.org\/{rel}","templated":true}]}}