{"id":5422,"date":"2020-09-13T10:54:14","date_gmt":"2020-09-13T08:54:14","guid":{"rendered":"https:\/\/eliem.fashion\/prodotto\/agata-venice-pochette\/"},"modified":"2022-07-19T22:31:19","modified_gmt":"2022-07-19T20:31:19","slug":"agata-venice-pochette","status":"publish","type":"product","link":"https:\/\/eliem.fashion\/es\/producto\/agata-venice-pochette\/","title":{"rendered":"Agata Venice con Gondolas + Pochette"},"content":{"rendered":"<h2>Caracteristicas de Agata Venice<\/h2>\n<div id=\"text_productFeatures\" class=\"foldArea\" aria-hidden=\"false\">\n<p>Portabilidad: a mano, en el brazo o en el hombro.<\/p>\n<p>38 x 27 x 19,0 cent\u00edmetros<br \/>\n(Largo x Alto x Ancho)<\/p>\n<ul>\n<li>Cuero vacuno,<\/li>\n<li>Color DOBLE CARA<\/li>\n<li><strong>Doble piel por dentro y por fuera<\/strong><\/li>\n<li>Accesorios de &#8220;g\u00f3ndola&#8221; chapados en ORO por dentro y por fuera<\/li>\n<li>Accesorios y mosquetones ba\u00f1ados en ORO<\/li>\n<li>Dos asas superiores para llevar el modelo en el brazo o en la mano<\/li>\n<li>Bandolera ajustable (longitud m\u00ednima 51 cm, m\u00e1xima 56 cm)<\/li>\n<li>Dos bolsillos internos con cierre magn\u00e9tico (que se vuelven externos con el modelo deportivo)<\/li>\n<li>Correa de hombro: extra\u00edble, ajustable<\/li>\n<li>Bandolera con mosquet\u00f3n Alto (ligero): 36,0 cm<\/li>\n<li>Bandolera con mosquet\u00f3n Altura (ligera) M\u00e1x .: 72,0 cm<\/li>\n<li>Mango: Simple X2<\/li>\n<li>Made in Italy<\/li>\n<\/ul>\n<h2>Caracteristicas de la Pochette<\/h2>\n<div id=\"text_productFeatures\" class=\"foldArea\" aria-hidden=\"false\">\n<p>Portabilidad: a mano, en el brazo o en el hombro. 38 x 27 x 19,0 cent\u00edmetros (Largo x Alto x Ancho)<\/p>\n<ul>\n<li>Cuero vacuno<\/li>\n<li>Bolsillo interior<\/li>\n<li><strong>Doble piel por dentro y por fuera<\/strong><\/li>\n<li>Cadena chapada en oro<\/li>\n<li>Bandolera con mosquet\u00f3n Alto (ligero): 36,0 cm<\/li>\n<li>Made in Italy<\/li>\n<\/ul>\n<\/div>\n<p>&nbsp;<\/p>\n<\/div>\n<p>&nbsp;<\/p>\n","protected":false},"excerpt":{"rendered":"<p><strong>AGATA<\/strong> es un bolso de mujer con caracter\u00edsticas \u00fanicas y particulares, dotado de <strong>reversibilidad<\/strong> <strong>(<a href=\"https:\/\/eliem.fashion\/es\/account\/\">\u00bfQuieres ver c\u00f3mo gira? Haz clic aqu\u00ed y reg\u00edstrate<\/a>) <\/strong>al llevar su superficie externa al interior y viceversa, diversificando as\u00ed la funcionalidad y configuraci\u00f3n del bolso en cada uno de los modos de inversi\u00f3n, con el evidente resultado de tener versiones completamente diferentes. diferente del mismo producto. A\u00f1adiendo el embrague en el interior para completar el uso de AMBAS partes.<\/p>\n<p>La <strong>pochette<\/strong> tiene la finalidad de llevar art\u00edculos de mujer dentro de <strong>Agata<\/strong>, para facilitar y simplificar el uso de cada configuraci\u00f3n del propio bolso.<\/p>\n","protected":false},"featured_media":5425,"template":"","meta":{"_acf_changed":false,"_joinchat":[]},"product_cat":[125],"product_tag":[],"class_list":["post-5422","product","type-product","status-publish","has-post-thumbnail","hentry","product_cat-prodotti-es"],"acf":[],"yoast_head":"<!-- This site is optimized with the Yoast SEO plugin v26.6 - https:\/\/yoast.com\/wordpress\/plugins\/seo\/ -->\n<title>Agata Venice con Gondolas + Pochette - Eliem Fashion by Elizabeth Maria<\/title>\n<meta name=\"robots\" content=\"index, follow, max-snippet:-1, max-image-preview:large, max-video-preview:-1\" \/>\n<link rel=\"canonical\" href=\"https:\/\/eliem.fashion\/es\/producto\/agata-venice-pochette\/\" \/>\n<meta property=\"og:locale\" content=\"es_ES\" \/>\n<meta property=\"og:type\" content=\"article\" \/>\n<meta property=\"og:title\" content=\"Agata Venice con Gondolas + Pochette - Eliem Fashion by Elizabeth Maria\" \/>\n<meta property=\"og:description\" content=\"AGATA es un bolso de mujer con caracter\u00edsticas \u00fanicas y particulares, dotado de reversibilidad (\u00bfQuieres ver c\u00f3mo gira? Haz clic aqu\u00ed y reg\u00edstrate) al llevar su superficie externa al interior y viceversa, diversificando as\u00ed la funcionalidad y configuraci\u00f3n del bolso en cada uno de los modos de inversi\u00f3n, con el evidente resultado de tener versiones completamente diferentes. diferente del mismo producto. A\u00f1adiendo el embrague en el interior para completar el uso de AMBAS partes.  La pochette tiene la finalidad de llevar art\u00edculos de mujer dentro de Agata, para facilitar y simplificar el uso de cada configuraci\u00f3n del propio bolso.\" \/>\n<meta property=\"og:url\" content=\"https:\/\/eliem.fashion\/es\/producto\/agata-venice-pochette\/\" \/>\n<meta property=\"og:site_name\" content=\"Eliem Fashion by Elizabeth Maria\" \/>\n<meta property=\"article:modified_time\" content=\"2022-07-19T20:31:19+00:00\" \/>\n<meta property=\"og:image\" content=\"https:\/\/eliem.fashion\/wp-content\/uploads\/2020\/09\/1.jpg\" \/>\n\t<meta property=\"og:image:width\" content=\"800\" \/>\n\t<meta property=\"og:image:height\" content=\"1060\" \/>\n\t<meta property=\"og:image:type\" content=\"image\/jpeg\" \/>\n<meta name=\"twitter:card\" content=\"summary_large_image\" \/>\n<meta name=\"twitter:label1\" content=\"Tiempo de lectura\" \/>\n\t<meta name=\"twitter:data1\" content=\"1 minuto\" \/>\n<script type=\"application\/ld+json\" class=\"yoast-schema-graph\">{\"@context\":\"https:\/\/schema.org\",\"@graph\":[{\"@type\":\"WebPage\",\"@id\":\"https:\/\/eliem.fashion\/es\/producto\/agata-venice-pochette\/\",\"url\":\"https:\/\/eliem.fashion\/es\/producto\/agata-venice-pochette\/\",\"name\":\"Agata Venice con Gondolas + Pochette - Eliem Fashion by Elizabeth Maria\",\"isPartOf\":{\"@id\":\"https:\/\/eliem.fashion\/es\/#website\"},\"primaryImageOfPage\":{\"@id\":\"https:\/\/eliem.fashion\/es\/producto\/agata-venice-pochette\/#primaryimage\"},\"image\":{\"@id\":\"https:\/\/eliem.fashion\/es\/producto\/agata-venice-pochette\/#primaryimage\"},\"thumbnailUrl\":\"https:\/\/eliem.fashion\/wp-content\/uploads\/2020\/09\/1.jpg\",\"datePublished\":\"2020-09-13T08:54:14+00:00\",\"dateModified\":\"2022-07-19T20:31:19+00:00\",\"breadcrumb\":{\"@id\":\"https:\/\/eliem.fashion\/es\/producto\/agata-venice-pochette\/#breadcrumb\"},\"inLanguage\":\"es\",\"potentialAction\":[{\"@type\":\"ReadAction\",\"target\":[\"https:\/\/eliem.fashion\/es\/producto\/agata-venice-pochette\/\"]}]},{\"@type\":\"ImageObject\",\"inLanguage\":\"es\",\"@id\":\"https:\/\/eliem.fashion\/es\/producto\/agata-venice-pochette\/#primaryimage\",\"url\":\"https:\/\/eliem.fashion\/wp-content\/uploads\/2020\/09\/1.jpg\",\"contentUrl\":\"https:\/\/eliem.fashion\/wp-content\/uploads\/2020\/09\/1.jpg\",\"width\":800,\"height\":1060},{\"@type\":\"BreadcrumbList\",\"@id\":\"https:\/\/eliem.fashion\/es\/producto\/agata-venice-pochette\/#breadcrumb\",\"itemListElement\":[{\"@type\":\"ListItem\",\"position\":1,\"name\":\"Home\",\"item\":\"https:\/\/eliem.fashion\/es\/\"},{\"@type\":\"ListItem\",\"position\":2,\"name\":\"Shop\",\"item\":\"https:\/\/eliem.fashion\/es\/shop\/\"},{\"@type\":\"ListItem\",\"position\":3,\"name\":\"Agata Venice con Gondolas + Pochette\"}]},{\"@type\":\"WebSite\",\"@id\":\"https:\/\/eliem.fashion\/es\/#website\",\"url\":\"https:\/\/eliem.fashion\/es\/\",\"name\":\"Eliem Fashion by Elizabeth Maria\",\"description\":\"Three luxury bags in one\",\"potentialAction\":[{\"@type\":\"SearchAction\",\"target\":{\"@type\":\"EntryPoint\",\"urlTemplate\":\"https:\/\/eliem.fashion\/es\/?s={search_term_string}\"},\"query-input\":{\"@type\":\"PropertyValueSpecification\",\"valueRequired\":true,\"valueName\":\"search_term_string\"}}],\"inLanguage\":\"es\"}]}<\/script>\n<!-- \/ Yoast SEO plugin. -->","yoast_head_json":{"title":"Agata Venice con Gondolas + Pochette - Eliem Fashion by Elizabeth Maria","robots":{"index":"index","follow":"follow","max-snippet":"max-snippet:-1","max-image-preview":"max-image-preview:large","max-video-preview":"max-video-preview:-1"},"canonical":"https:\/\/eliem.fashion\/es\/producto\/agata-venice-pochette\/","og_locale":"es_ES","og_type":"article","og_title":"Agata Venice con Gondolas + Pochette - Eliem Fashion by Elizabeth Maria","og_description":"AGATA es un bolso de mujer con caracter\u00edsticas \u00fanicas y particulares, dotado de reversibilidad (\u00bfQuieres ver c\u00f3mo gira? Haz clic aqu\u00ed y reg\u00edstrate) al llevar su superficie externa al interior y viceversa, diversificando as\u00ed la funcionalidad y configuraci\u00f3n del bolso en cada uno de los modos de inversi\u00f3n, con el evidente resultado de tener versiones completamente diferentes. diferente del mismo producto. A\u00f1adiendo el embrague en el interior para completar el uso de AMBAS partes.  La pochette tiene la finalidad de llevar art\u00edculos de mujer dentro de Agata, para facilitar y simplificar el uso de cada configuraci\u00f3n del propio bolso.","og_url":"https:\/\/eliem.fashion\/es\/producto\/agata-venice-pochette\/","og_site_name":"Eliem Fashion by Elizabeth Maria","article_modified_time":"2022-07-19T20:31:19+00:00","og_image":[{"width":800,"height":1060,"url":"https:\/\/eliem.fashion\/wp-content\/uploads\/2020\/09\/1.jpg","type":"image\/jpeg"}],"twitter_card":"summary_large_image","twitter_misc":{"Tiempo de lectura":"1 minuto"},"schema":{"@context":"https:\/\/schema.org","@graph":[{"@type":"WebPage","@id":"https:\/\/eliem.fashion\/es\/producto\/agata-venice-pochette\/","url":"https:\/\/eliem.fashion\/es\/producto\/agata-venice-pochette\/","name":"Agata Venice con Gondolas + Pochette - Eliem Fashion by Elizabeth Maria","isPartOf":{"@id":"https:\/\/eliem.fashion\/es\/#website"},"primaryImageOfPage":{"@id":"https:\/\/eliem.fashion\/es\/producto\/agata-venice-pochette\/#primaryimage"},"image":{"@id":"https:\/\/eliem.fashion\/es\/producto\/agata-venice-pochette\/#primaryimage"},"thumbnailUrl":"https:\/\/eliem.fashion\/wp-content\/uploads\/2020\/09\/1.jpg","datePublished":"2020-09-13T08:54:14+00:00","dateModified":"2022-07-19T20:31:19+00:00","breadcrumb":{"@id":"https:\/\/eliem.fashion\/es\/producto\/agata-venice-pochette\/#breadcrumb"},"inLanguage":"es","potentialAction":[{"@type":"ReadAction","target":["https:\/\/eliem.fashion\/es\/producto\/agata-venice-pochette\/"]}]},{"@type":"ImageObject","inLanguage":"es","@id":"https:\/\/eliem.fashion\/es\/producto\/agata-venice-pochette\/#primaryimage","url":"https:\/\/eliem.fashion\/wp-content\/uploads\/2020\/09\/1.jpg","contentUrl":"https:\/\/eliem.fashion\/wp-content\/uploads\/2020\/09\/1.jpg","width":800,"height":1060},{"@type":"BreadcrumbList","@id":"https:\/\/eliem.fashion\/es\/producto\/agata-venice-pochette\/#breadcrumb","itemListElement":[{"@type":"ListItem","position":1,"name":"Home","item":"https:\/\/eliem.fashion\/es\/"},{"@type":"ListItem","position":2,"name":"Shop","item":"https:\/\/eliem.fashion\/es\/shop\/"},{"@type":"ListItem","position":3,"name":"Agata Venice con Gondolas + Pochette"}]},{"@type":"WebSite","@id":"https:\/\/eliem.fashion\/es\/#website","url":"https:\/\/eliem.fashion\/es\/","name":"Eliem Fashion by Elizabeth Maria","description":"Three luxury bags in one","potentialAction":[{"@type":"SearchAction","target":{"@type":"EntryPoint","urlTemplate":"https:\/\/eliem.fashion\/es\/?s={search_term_string}"},"query-input":{"@type":"PropertyValueSpecification","valueRequired":true,"valueName":"search_term_string"}}],"inLanguage":"es"}]}},"jetpack_sharing_enabled":true,"_links":{"self":[{"href":"https:\/\/eliem.fashion\/es\/wp-json\/wp\/v2\/product\/5422","targetHints":{"allow":["GET"]}}],"collection":[{"href":"https:\/\/eliem.fashion\/es\/wp-json\/wp\/v2\/product"}],"about":[{"href":"https:\/\/eliem.fashion\/es\/wp-json\/wp\/v2\/types\/product"}],"wp:featuredmedia":[{"embeddable":true,"href":"https:\/\/eliem.fashion\/es\/wp-json\/wp\/v2\/media\/5425"}],"wp:attachment":[{"href":"https:\/\/eliem.fashion\/es\/wp-json\/wp\/v2\/media?parent=5422"}],"wp:term":[{"taxonomy":"product_cat","embeddable":true,"href":"https:\/\/eliem.fashion\/es\/wp-json\/wp\/v2\/product_cat?post=5422"},{"taxonomy":"product_tag","embeddable":true,"href":"https:\/\/eliem.fashion\/es\/wp-json\/wp\/v2\/product_tag?post=5422"}],"curies":[{"name":"wp","href":"https:\/\/api.w.org\/{rel}","templated":true}]}}