{"id":5384,"date":"2020-09-28T12:42:00","date_gmt":"2020-09-28T10:42:00","guid":{"rendered":"https:\/\/eliem.fashion\/storia\/"},"modified":"2020-10-15T14:35:52","modified_gmt":"2020-10-15T12:35:52","slug":"historia","status":"publish","type":"page","link":"https:\/\/eliem.fashion\/es\/historia\/","title":{"rendered":"Historia"},"content":{"rendered":"<p>[vc_row row_content_width=&#8221;grid&#8221; css=&#8221;.vc_custom_1601289879778{margin-top: -30px !important;padding-bottom: 65px !important;}&#8221;][vc_column]<div class=\"edgtf-elements-holder   edgtf-two-columns  edgtf-responsive-mode-1024 \" ><div class=\"edgtf-eh-item    \"  data-item-class=\"edgtf-eh-custom-1160\" data-1025-1366=\"0% 15% 0% 0%\" data-769-1024=\"0% 27% 0% 0%\" data-681-768=\"0% 6% 0% 0%\" data-680=\"0% 0% 0% 0%\">\n\t<div class=\"edgtf-eh-item-inner\">\n\t\t<div class=\"edgtf-eh-item-content edgtf-eh-custom-1160\" style=\"padding: 0% 28% 0% 0%\">\n\t\t\t<div class=\"edgtf-section-title-holder  \" >\n\t<div class=\"edgtf-st-inner\">\n\t\t\t\t\t<h6 class=\"edgtf-st-tagline\" >\n\t\t\t\tHistoria\t\t\t<\/h6>\n\t\t\t\t\t\t\t<h2 class=\"edgtf-st-title\" >\n\t\t\t\tPara mi crear significa viajar\t\t\t<\/h2>\n\t\t\t\t\t\t\t<\/div>\n<\/div>[vc_empty_space][vc_column_text]Cuando me encuentro con ropas y accesorios en las manos mi cabeza viaja, creando complementos y conjunto de ropas perfectos para cada ocasi\u00f3n. Para prepararme para el d\u00eda, darle un consejo a una amiga, o para cuando se nos presenta una ocasi\u00f3n especial.<\/p>\n<p>&nbsp;<\/p>\n<p><strong>Para mi es un viaje sin comparaci\u00f3n!!<\/strong><\/p>\n<p>Me llamo Elizabeth Mar\u00eda nac\u00ed en las d\u00e9cadas de lo a\u00f1os 70 en un pueblecito de provincia en la Rep\u00fablica Dominicana. Yo Derivo de una familia muy amorosa y humilde, crec\u00ec en un ambiente muy fel\u00ecz. En orden de numeraci\u00f3n soy la quarta femenina en una familia con 6 hijos.<br \/>\nRecuerdo con mucha ternura, nuestras mu\u00f1ecas eran viejas y usadas respecto a las de nuestras amigas, en aquella \u00e9poca no av\u00edan muchos privilegios, nos ten\u00edamos que conformar con las mu\u00f1ecas sin pelo o de un pl\u00e1stico barato. Nos divertiamos a crear juegos con los amigos.<\/p>\n<p>En medio de todo esto yo tenia mucha suerte por que mi vecina era modista, recuerdo que con cambios avanzados de tela hacia los trajes para mis mu\u00f1ecas. Que bella epoca!!<\/p>\n<p>Ten\u00eda las ideas bien claras, quer\u00eda dejar el nido de mis padres en temprana edad. Yo quer\u00eda hacer m\u00e1s, mucho m\u00e1s, para comenzar mis propias aventuras.<\/p>\n<p>A los 14 a\u00f1os sent\u00eda el llamado de la ciudad, la capital con sus luces maravillosas me encantaba.<br \/>\nAs\u00ed en aquellos a\u00f1os empec\u00e9 a trabajar como portadora y vendedora de ropa y accesorios hechos en Italia, recuerdo que me sent\u00eda a mi gusto al usar y poder dar consejos al respecto a las demas personas. La ropa yo la lucia con mucha delicadeza y facilidad, por ese comportamiento los gerentes de la administraci\u00f3n viendo mi dedicaci\u00f3n me dieron confianza y me ayudaron a mejorar cada d\u00eda m\u00e1s .<br \/>\nEn ese mismo lugar conosc\u00ec un chico que me hizo enamorar de Italia &#8230;.<br \/>\nMe traslad\u00e8 a Italia por 6 meses, que despues se convirtieron en 12 a\u00f1os y luego 20 y a\u00fan estoy qui&#8230;.<br \/>\nCon el tiempo tuve otras experiencias en el mismo sector de la moda para grandes cadenas de negocios Italianos y franc\u00e9s.<\/p>\n<p>Pero algo paso despues:<\/p>\n<p>Me sent\u00eda que no estaba satisfecha quize hacer otras experiencias y fui a los Estados Unidos varias veces a studiar el mundo de los negocios y las ventas con grandes oradores Americanos, per\u00f2 sent\u00eda que me faltaba algo.<\/p>\n<p><strong>Dentro de mi sent\u00eda una gran frustraci\u00f3n<\/strong><\/p>\n<p>Sent\u00eda que Todav\u00eda no hab\u00eda sido capaz de expresar lo que yo quer\u00eda, lo que sent\u00eca, lo que yo sab\u00eda que pod\u00eda hacer.<\/p>\n<p>UN DIA! por casualidad, o quiz\u00e1s las casualidades no existen.<br \/>\nPensando a los viejos recuerdos de cuando era peque\u00f1a me lleg\u00f3 un pensamiento &#8230;<br \/>\nYo observaba la naturaleza y creava cosas que otros no ve\u00edan, como joyas, aretes etc. Muchas veces me sent\u00ed extra\u00f1a por mi comportamiento y por las cosas que hac\u00eda.<\/p>\n<p>Me dije a mi misma:<br \/>\nElizabeth debes encontrarte a ti misma, dejar de fingir que no existes, ahora tienes que hacer lo que te gusta hacer, tienes que entrar en acci\u00f3n.<\/p>\n<p><strong>Sabia muy bien que ten\u00eda que encontrar de nuevo mi esencia:<\/strong><\/p>\n<p>Entonces volv\u00ed para tras en el tiempo con mis pensamientos, cuando trabajaba con las ropas elegantes en ese mundo que me encantaba y que me hacia sentir bien.<\/p>\n<p><strong>Desde ese momento mis pensamientos y mis acciones cambiaron. <\/strong><\/p>\n<p><strong>Te quiero contar una historia, primero me gustar\u00eda che te acomodes, que pongas el silencioso, y comenzamos el viaje:<\/strong><\/p>\n<p>Mi historia hunde sus ra\u00edces en un pasado muy lejano &#8230; Su semilla nace en mi juventud y finalmente florece hoy.<\/p>\n<p>Me traslad\u00e9 en el Veneto en el 2009,quando por primera vez en mi vida vi VENECIA, para mi fue una experiencia extraordinaria algo dentro de mi cambio, la ciudad me encant\u00f3. Puede ser por su elegancia, su arte, su distinci\u00f3n que transportaba mi mente a una \u00e9poca noble.<\/p>\n<p>Esta ciudad me inspir\u00f2 a encontrar lo que hab\u00eda dentro de mi y a las creaciones que llevo dentro.<\/p>\n<p><strong>Por ese motivo dedico a venecia mi primer creaci\u00f3n.<\/strong><\/p>\n<p>Dediqu\u00e8 d\u00edas enteros caminando por la ciudad Seren\u00edsima buscando la esencia, la identidad, no es f\u00e1cil encontrar cuando todo lo que vez te crea inspiraci\u00f3n.<br \/>\nEstaba vagando como una buscadora de oro, luego llegue al museo Mocenigo que es el centro de estudio de la historia de las telas y perfumes.<\/p>\n<p><strong>All\u00ed encontr\u00e9 lo que buscaba&#8230;<\/strong><\/p>\n<p>Mire por la ventana y vi la PROA y POPA de la g\u00f3ndola y me di cuenta que eso iba a ser el s\u00edmbolo distintivo del bolso.<br \/>\nYa estaba so\u00f1ando.. la ve\u00eda hermosa con los s\u00edmbolos en estile veneciano, con accesorios laminado oro, bella y delicada.<br \/>\nLuego decid\u00ed hacer un bolso reversible con dentro una cartera peque\u00f1a para los objetos de mujer, creando tres bolso en uno, que se puede girar con una simple palanca de inversi\u00f3n ideada para la mujer que le gusta cambiar estile.<\/p>\n<p><strong>Mi gran prop\u00f3sito es:<\/strong><\/p>\n<h3>\u201cdar fuerza a otras mujeres que como yo a cada ca\u00edda se han levantado m\u00e1s fuertes que antes.\u201d.<\/h3>\n<p>Ahora la cartera est\u00e1 completa, es rectangular y espaciosa, sin edad.<br \/>\nEl producto est\u00e1 hecho a mano con m\u00e9todos tradicionales y materiales exclusivos, requiere 67 piezas \u00fanicas y 27 horas de trabajo con pieles refinadas y accesorios cubiertos en ORO . La elaboraci\u00f3n est\u00e1 hecha de manos de artesanos de la Riviera del Brenta en Venecia.<\/p>\n<p>El producto tiene dos patente registradas a nivel europeo y una patente como propiedad industrial.<\/p>\n<p>En tus manos la idea cobra vida, te hace viajar a trav\u00e9s de la callejuelas y los canales, es como si sintieras las voces de los comerciantes en la laguna, los 7 distritos de Venecia el L\u00e9on majestuoso.<\/p>\n<p>A esta ciudad de arte dedic\u00f3 mi historia, mi compromiso, mi primer bolso de autor.<br \/>\nPienso que Aqu\u00ed y solo aqu\u00ed hay una esencia \u00fanica .<\/p>\n<p>Les digo que la \u00fanica cosa que me entristece de todo esto es que, justo antes que pudiera mostrar al mundo mi sue\u00f1o realizado, mi padre muri\u00f3, se me fu\u00e8. hoy lamento mucho que el no haya podido vivir junto a mi estos bellos momentos.<\/p>\n<p>Gracias a DIOS tengo a mi madre, una mujer de gran valor, con amor y honor dedico su nombre al bolso.<\/p>\n<p>Se llama \u00c1gueda.<\/p>\n<p>[\/vc_column_text]\t\t<\/div>\n\t<\/div>\n<\/div><\/div>[vc_row_inner disable_element=&#8221;yes&#8221;][vc_column_inner]<div class=\"edgtf-single-image-holder   \">\n    <div class=\"edgtf-si-inner\" >\n                                    <img loading=\"lazy\" decoding=\"async\" width=\"800\" height=\"998\" src=\"https:\/\/eliem.fashion\/wp-content\/uploads\/2020\/08\/3192.jpg\" class=\"attachment-full size-full\" alt=\"\" srcset=\"https:\/\/eliem.fashion\/wp-content\/uploads\/2020\/08\/3192.jpg 800w, https:\/\/eliem.fashion\/wp-content\/uploads\/2020\/08\/3192-600x749.jpg 600w, https:\/\/eliem.fashion\/wp-content\/uploads\/2020\/08\/3192-240x300.jpg 240w, https:\/\/eliem.fashion\/wp-content\/uploads\/2020\/08\/3192-768x958.jpg 768w\" sizes=\"auto, (max-width: 800px) 100vw, 800px\" \/>                        <\/div>\n<\/div>[\/vc_column_inner][\/vc_row_inner][\/vc_column][\/vc_row][vc_row][vc_column]<div class=\"edgtf-image-gallery  edgtf-ig-carousel-type edgtf-light-skin edgtf-three-columns edgtf-small-space  \">\n\t<div class=\"edgtf-ig-slider edgtf-owl-slider\" data-number-of-items=\"2\" data-enable-loop=\"yes\" data-enable-autoplay=\"yes\" data-slider-speed=\"5000\" data-slider-speed-animation=\"1000\" data-slider-padding=\"no\" data-enable-navigation=\"yes\" data-enable-pagination=\"no\">\n\t\t\t\t\t<div class=\"edgtf-ig-image\">\n\t\t\t\t\t\t\t\t\t<img loading=\"lazy\" decoding=\"async\" width=\"1920\" height=\"1100\" src=\"https:\/\/eliem.fashion\/wp-content\/uploads\/2020\/09\/eliem3.jpg\" class=\"attachment-full size-full\" alt=\"\" srcset=\"https:\/\/eliem.fashion\/wp-content\/uploads\/2020\/09\/eliem3.jpg 1920w, https:\/\/eliem.fashion\/wp-content\/uploads\/2020\/09\/eliem3-300x172.jpg 300w, https:\/\/eliem.fashion\/wp-content\/uploads\/2020\/09\/eliem3-1024x587.jpg 1024w, https:\/\/eliem.fashion\/wp-content\/uploads\/2020\/09\/eliem3-768x440.jpg 768w, https:\/\/eliem.fashion\/wp-content\/uploads\/2020\/09\/eliem3-1536x880.jpg 1536w, https:\/\/eliem.fashion\/wp-content\/uploads\/2020\/09\/eliem3-600x344.jpg 600w\" sizes=\"auto, (max-width: 1920px) 100vw, 1920px\" \/>\t\t\t\t\t\t\t<\/div>\n\t\t\t\t\t<div class=\"edgtf-ig-image\">\n\t\t\t\t\t\t\t\t\t<img loading=\"lazy\" decoding=\"async\" width=\"1920\" height=\"1100\" src=\"https:\/\/eliem.fashion\/wp-content\/uploads\/2020\/09\/eliem2.jpg\" class=\"attachment-full size-full\" alt=\"\" srcset=\"https:\/\/eliem.fashion\/wp-content\/uploads\/2020\/09\/eliem2.jpg 1920w, https:\/\/eliem.fashion\/wp-content\/uploads\/2020\/09\/eliem2-300x172.jpg 300w, https:\/\/eliem.fashion\/wp-content\/uploads\/2020\/09\/eliem2-1024x587.jpg 1024w, https:\/\/eliem.fashion\/wp-content\/uploads\/2020\/09\/eliem2-768x440.jpg 768w, https:\/\/eliem.fashion\/wp-content\/uploads\/2020\/09\/eliem2-1536x880.jpg 1536w, https:\/\/eliem.fashion\/wp-content\/uploads\/2020\/09\/eliem2-600x344.jpg 600w\" sizes=\"auto, (max-width: 1920px) 100vw, 1920px\" \/>\t\t\t\t\t\t\t<\/div>\n\t\t\t\t\t<div class=\"edgtf-ig-image\">\n\t\t\t\t\t\t\t\t\t<img loading=\"lazy\" decoding=\"async\" width=\"1920\" height=\"1100\" src=\"https:\/\/eliem.fashion\/wp-content\/uploads\/2020\/09\/eliem4.jpg\" class=\"attachment-full size-full\" alt=\"\" srcset=\"https:\/\/eliem.fashion\/wp-content\/uploads\/2020\/09\/eliem4.jpg 1920w, https:\/\/eliem.fashion\/wp-content\/uploads\/2020\/09\/eliem4-300x172.jpg 300w, https:\/\/eliem.fashion\/wp-content\/uploads\/2020\/09\/eliem4-1024x587.jpg 1024w, https:\/\/eliem.fashion\/wp-content\/uploads\/2020\/09\/eliem4-768x440.jpg 768w, https:\/\/eliem.fashion\/wp-content\/uploads\/2020\/09\/eliem4-1536x880.jpg 1536w, https:\/\/eliem.fashion\/wp-content\/uploads\/2020\/09\/eliem4-600x344.jpg 600w\" sizes=\"auto, (max-width: 1920px) 100vw, 1920px\" \/>\t\t\t\t\t\t\t<\/div>\n\t\t\t\t\t<div class=\"edgtf-ig-image\">\n\t\t\t\t\t\t\t\t\t<img loading=\"lazy\" decoding=\"async\" width=\"1920\" height=\"1100\" src=\"https:\/\/eliem.fashion\/wp-content\/uploads\/2020\/09\/eliem1.jpg\" class=\"attachment-full size-full\" alt=\"\" srcset=\"https:\/\/eliem.fashion\/wp-content\/uploads\/2020\/09\/eliem1.jpg 1920w, https:\/\/eliem.fashion\/wp-content\/uploads\/2020\/09\/eliem1-300x172.jpg 300w, https:\/\/eliem.fashion\/wp-content\/uploads\/2020\/09\/eliem1-1024x587.jpg 1024w, https:\/\/eliem.fashion\/wp-content\/uploads\/2020\/09\/eliem1-768x440.jpg 768w, https:\/\/eliem.fashion\/wp-content\/uploads\/2020\/09\/eliem1-1536x880.jpg 1536w, https:\/\/eliem.fashion\/wp-content\/uploads\/2020\/09\/eliem1-600x344.jpg 600w\" sizes=\"auto, (max-width: 1920px) 100vw, 1920px\" \/>\t\t\t\t\t\t\t<\/div>\n\t\t\t\t\t<div class=\"edgtf-ig-image\">\n\t\t\t\t\t\t\t\t\t<img loading=\"lazy\" decoding=\"async\" width=\"1920\" height=\"1100\" src=\"https:\/\/eliem.fashion\/wp-content\/uploads\/2020\/09\/eliem-1.jpg\" class=\"attachment-full size-full\" alt=\"\" srcset=\"https:\/\/eliem.fashion\/wp-content\/uploads\/2020\/09\/eliem-1.jpg 1920w, https:\/\/eliem.fashion\/wp-content\/uploads\/2020\/09\/eliem-1-600x344.jpg 600w, https:\/\/eliem.fashion\/wp-content\/uploads\/2020\/09\/eliem-1-300x172.jpg 300w, https:\/\/eliem.fashion\/wp-content\/uploads\/2020\/09\/eliem-1-1024x587.jpg 1024w, https:\/\/eliem.fashion\/wp-content\/uploads\/2020\/09\/eliem-1-768x440.jpg 768w, https:\/\/eliem.fashion\/wp-content\/uploads\/2020\/09\/eliem-1-1536x880.jpg 1536w\" sizes=\"auto, (max-width: 1920px) 100vw, 1920px\" \/>\t\t\t\t\t\t\t<\/div>\n\t\t\t\t\t<div class=\"edgtf-ig-image\">\n\t\t\t\t\t\t\t\t\t<img loading=\"lazy\" decoding=\"async\" width=\"1920\" height=\"1100\" src=\"https:\/\/eliem.fashion\/wp-content\/uploads\/2020\/09\/eliem-10.jpg\" class=\"attachment-full size-full\" alt=\"\" srcset=\"https:\/\/eliem.fashion\/wp-content\/uploads\/2020\/09\/eliem-10.jpg 1920w, https:\/\/eliem.fashion\/wp-content\/uploads\/2020\/09\/eliem-10-600x344.jpg 600w, https:\/\/eliem.fashion\/wp-content\/uploads\/2020\/09\/eliem-10-300x172.jpg 300w, https:\/\/eliem.fashion\/wp-content\/uploads\/2020\/09\/eliem-10-1024x587.jpg 1024w, https:\/\/eliem.fashion\/wp-content\/uploads\/2020\/09\/eliem-10-768x440.jpg 768w, https:\/\/eliem.fashion\/wp-content\/uploads\/2020\/09\/eliem-10-1536x880.jpg 1536w\" sizes=\"auto, (max-width: 1920px) 100vw, 1920px\" \/>\t\t\t\t\t\t\t<\/div>\n\t\t\t\t\t<div class=\"edgtf-ig-image\">\n\t\t\t\t\t\t\t\t\t<img loading=\"lazy\" decoding=\"async\" width=\"1920\" height=\"1100\" src=\"https:\/\/eliem.fashion\/wp-content\/uploads\/2020\/09\/eliem-9.jpg\" class=\"attachment-full size-full\" alt=\"\" srcset=\"https:\/\/eliem.fashion\/wp-content\/uploads\/2020\/09\/eliem-9.jpg 1920w, https:\/\/eliem.fashion\/wp-content\/uploads\/2020\/09\/eliem-9-600x344.jpg 600w, https:\/\/eliem.fashion\/wp-content\/uploads\/2020\/09\/eliem-9-300x172.jpg 300w, https:\/\/eliem.fashion\/wp-content\/uploads\/2020\/09\/eliem-9-1024x587.jpg 1024w, https:\/\/eliem.fashion\/wp-content\/uploads\/2020\/09\/eliem-9-768x440.jpg 768w, https:\/\/eliem.fashion\/wp-content\/uploads\/2020\/09\/eliem-9-1536x880.jpg 1536w\" sizes=\"auto, (max-width: 1920px) 100vw, 1920px\" \/>\t\t\t\t\t\t\t<\/div>\n\t\t\t<\/div>\n<\/div>[\/vc_column][\/vc_row][vc_row disable_element=&#8221;yes&#8221; row_content_width=&#8221;grid&#8221; css=&#8221;.vc_custom_1598263164035{padding-top: 130px !important;}&#8221;][vc_column][vc_raw_html]JTNDaWZyYW1lJTIwd2lkdGglM0QlMjI0MDAlMjIlMjBoZWlnaHQlM0QlMjI0MDAlMjIlMjBzcmMlM0QlMjJodHRwcyUzQSUyRiUyRnd3dy55b3V0dWJlLmNvbSUyRmVtYmVkJTJGYkhwRlE4MnRPT2slM0Zjb250cm9scyUzRDAlMjZyZWwlM0QwJTI2c2hvd2luZm8lM0QwJTI2YXV0b2hpZGUlM0QxJTI2d21vZGUlM0R0cmFuc3BhcmVudCUyNm1vZGVzdGJyYW5kaW5nJTNEMSUyNmVuYWJsZWpzYXBpJTNEMSUyNnBsYXlzaW5saW5lJTNEMSUyMiUyMGZyYW1lYm9yZGVyJTNEJTIyMCUyMiUyMGFsbG93JTNEJTIyYWNjZWxlcm9tZXRlciUzQiUyMGVuY3J5cHRlZC1tZWRpYSUzQiUyMGd5cm9zY29wZSUzQiUyMHBpY3R1cmUtaW4tcGljdHVyZSUyMiUyMGFsbG93ZnVsbHNjcmVlbiUzRSUzQyUyRmlmcmFtZSUzRQ==[\/vc_raw_html]<div class=\"edgtf-instagram-list-holder edgtf-grid-list edgtf-four-columns edgtf-small-space\" data-number-of-columns=\"four\" data-number-of-items=\"6\" data-enable-loop=\"yes\" data-enable-autoplay=\"yes\" data-slider-speed=\"5000\" data-slider-speed-animation=\"600\" data-enable-navigation=\"yes\" data-enable-pagination=\"no\">\n            <div class=\"edgtf-instagram-not-connected\">\n            It seams that you haven&#039;t connected with your Instagram account        <\/div>\n    <\/div>\n\n[vc_column_text css=&#8221;.vc_custom_1556182330979{margin-top: -8px !important;}&#8221;]<\/p>\n<h5>See more on instagram <a href=\"https:\/\/www.instagram.com\/lacomete.edge\/\" target=\"_blank\" rel=\"noopener noreferrer\">@lacomete<\/a><\/h5>\n<p>[\/vc_column_text][\/vc_column][\/vc_row]<\/p>\n","protected":false},"excerpt":{"rendered":"<p>[vc_row row_content_width=&#8221;grid&#8221; css=&#8221;.vc_custom_1601289879778{margin-top: -30px !important;padding-bottom: 65px !important;}&#8221;][vc_column][vc_row_inner disable_element=&#8221;yes&#8221;][vc_column_inner][\/vc_column_inner][\/vc_row_inner][\/vc_column][\/vc_row][vc_row][vc_column][\/vc_column][\/vc_row][vc_row disable_element=&#8221;yes&#8221; row_content_width=&#8221;grid&#8221; css=&#8221;.vc_custom_1598263164035{padding-top: 130px !important;}&#8221;][vc_column][vc_raw_html]JTNDaWZyYW1lJTIwd2lkdGglM0QlMjI0MDAlMjIlMjBoZWlnaHQlM0QlMjI0MDAlMjIlMjBzcmMlM0QlMjJodHRwcyUzQSUyRiUyRnd3dy55b3V0dWJlLmNvbSUyRmVtYmVkJTJGYkhwRlE4MnRPT2slM0Zjb250cm9scyUzRDAlMjZyZWwlM0QwJTI2c2hvd2luZm8lM0QwJTI2YXV0b2hpZGUlM0QxJTI2d21vZGUlM0R0cmFuc3BhcmVudCUyNm1vZGVzdGJyYW5kaW5nJTNEMSUyNmVuYWJsZWpzYXBpJTNEMSUyNnBsYXlzaW5saW5lJTNEMSUyMiUyMGZyYW1lYm9yZGVyJTNEJTIyMCUyMiUyMGFsbG93JTNEJTIyYWNjZWxlcm9tZXRlciUzQiUyMGVuY3J5cHRlZC1tZWRpYSUzQiUyMGd5cm9zY29wZSUzQiUyMHBpY3R1cmUtaW4tcGljdHVyZSUyMiUyMGFsbG93ZnVsbHNjcmVlbiUzRSUzQyUyRmlmcmFtZSUzRQ==[\/vc_raw_html][vc_column_text css=&#8221;.vc_custom_1556182330979{margin-top: -8px !important;}&#8221;] See more on instagram @lacomete [\/vc_column_text][\/vc_column][\/vc_row]<\/p>\n","protected":false},"author":1,"featured_media":0,"parent":0,"menu_order":0,"comment_status":"closed","ping_status":"closed","template":"full-width.php","meta":{"_acf_changed":false,"_joinchat":[],"footnotes":""},"class_list":["post-5384","page","type-page","status-publish","hentry"],"acf":[],"yoast_head":"<!-- This site is optimized with the Yoast SEO plugin v26.6 - https:\/\/yoast.com\/wordpress\/plugins\/seo\/ -->\n<title>Historia - Eliem Fashion by Elizabeth Maria<\/title>\n<meta name=\"robots\" content=\"index, follow, max-snippet:-1, max-image-preview:large, max-video-preview:-1\" \/>\n<link rel=\"canonical\" href=\"https:\/\/eliem.fashion\/es\/historia\/\" \/>\n<meta property=\"og:locale\" content=\"es_ES\" \/>\n<meta property=\"og:type\" content=\"article\" \/>\n<meta property=\"og:title\" content=\"Historia - Eliem Fashion by Elizabeth Maria\" \/>\n<meta property=\"og:description\" content=\"[vc_row row_content_width=&#8221;grid&#8221; css=&#8221;.vc_custom_1601289879778{margin-top: -30px !important;padding-bottom: 65px !important;}&#8221;][vc_column][vc_row_inner disable_element=&#8221;yes&#8221;][vc_column_inner][\/vc_column_inner][\/vc_row_inner][\/vc_column][\/vc_row][vc_row][vc_column][\/vc_column][\/vc_row][vc_row disable_element=&#8221;yes&#8221; row_content_width=&#8221;grid&#8221; css=&#8221;.vc_custom_1598263164035{padding-top: 130px !important;}&#8221;][vc_column][vc_raw_html]JTNDaWZyYW1lJTIwd2lkdGglM0QlMjI0MDAlMjIlMjBoZWlnaHQlM0QlMjI0MDAlMjIlMjBzcmMlM0QlMjJodHRwcyUzQSUyRiUyRnd3dy55b3V0dWJlLmNvbSUyRmVtYmVkJTJGYkhwRlE4MnRPT2slM0Zjb250cm9scyUzRDAlMjZyZWwlM0QwJTI2c2hvd2luZm8lM0QwJTI2YXV0b2hpZGUlM0QxJTI2d21vZGUlM0R0cmFuc3BhcmVudCUyNm1vZGVzdGJyYW5kaW5nJTNEMSUyNmVuYWJsZWpzYXBpJTNEMSUyNnBsYXlzaW5saW5lJTNEMSUyMiUyMGZyYW1lYm9yZGVyJTNEJTIyMCUyMiUyMGFsbG93JTNEJTIyYWNjZWxlcm9tZXRlciUzQiUyMGVuY3J5cHRlZC1tZWRpYSUzQiUyMGd5cm9zY29wZSUzQiUyMHBpY3R1cmUtaW4tcGljdHVyZSUyMiUyMGFsbG93ZnVsbHNjcmVlbiUzRSUzQyUyRmlmcmFtZSUzRQ==[\/vc_raw_html][vc_column_text css=&#8221;.vc_custom_1556182330979{margin-top: -8px !important;}&#8221;] See more on instagram @lacomete [\/vc_column_text][\/vc_column][\/vc_row]\" \/>\n<meta property=\"og:url\" content=\"https:\/\/eliem.fashion\/es\/historia\/\" \/>\n<meta property=\"og:site_name\" content=\"Eliem Fashion by Elizabeth Maria\" \/>\n<meta property=\"article:modified_time\" content=\"2020-10-15T12:35:52+00:00\" \/>\n<meta name=\"twitter:card\" content=\"summary_large_image\" \/>\n<meta name=\"twitter:label1\" content=\"Tiempo de lectura\" \/>\n\t<meta name=\"twitter:data1\" content=\"7 minutos\" \/>\n<script type=\"application\/ld+json\" class=\"yoast-schema-graph\">{\"@context\":\"https:\/\/schema.org\",\"@graph\":[{\"@type\":\"WebPage\",\"@id\":\"https:\/\/eliem.fashion\/es\/historia\/\",\"url\":\"https:\/\/eliem.fashion\/es\/historia\/\",\"name\":\"Historia - Eliem Fashion by Elizabeth Maria\",\"isPartOf\":{\"@id\":\"https:\/\/eliem.fashion\/es\/#website\"},\"datePublished\":\"2020-09-28T10:42:00+00:00\",\"dateModified\":\"2020-10-15T12:35:52+00:00\",\"breadcrumb\":{\"@id\":\"https:\/\/eliem.fashion\/es\/historia\/#breadcrumb\"},\"inLanguage\":\"es\",\"potentialAction\":[{\"@type\":\"ReadAction\",\"target\":[\"https:\/\/eliem.fashion\/es\/historia\/\"]}]},{\"@type\":\"BreadcrumbList\",\"@id\":\"https:\/\/eliem.fashion\/es\/historia\/#breadcrumb\",\"itemListElement\":[{\"@type\":\"ListItem\",\"position\":1,\"name\":\"Home\",\"item\":\"https:\/\/eliem.fashion\/es\/\"},{\"@type\":\"ListItem\",\"position\":2,\"name\":\"Historia\"}]},{\"@type\":\"WebSite\",\"@id\":\"https:\/\/eliem.fashion\/es\/#website\",\"url\":\"https:\/\/eliem.fashion\/es\/\",\"name\":\"Eliem Fashion by Elizabeth Maria\",\"description\":\"Three luxury bags in one\",\"potentialAction\":[{\"@type\":\"SearchAction\",\"target\":{\"@type\":\"EntryPoint\",\"urlTemplate\":\"https:\/\/eliem.fashion\/es\/?s={search_term_string}\"},\"query-input\":{\"@type\":\"PropertyValueSpecification\",\"valueRequired\":true,\"valueName\":\"search_term_string\"}}],\"inLanguage\":\"es\"}]}<\/script>\n<!-- \/ Yoast SEO plugin. -->","yoast_head_json":{"title":"Historia - Eliem Fashion by Elizabeth Maria","robots":{"index":"index","follow":"follow","max-snippet":"max-snippet:-1","max-image-preview":"max-image-preview:large","max-video-preview":"max-video-preview:-1"},"canonical":"https:\/\/eliem.fashion\/es\/historia\/","og_locale":"es_ES","og_type":"article","og_title":"Historia - Eliem Fashion by Elizabeth Maria","og_description":"[vc_row row_content_width=&#8221;grid&#8221; css=&#8221;.vc_custom_1601289879778{margin-top: -30px !important;padding-bottom: 65px !important;}&#8221;][vc_column][vc_row_inner disable_element=&#8221;yes&#8221;][vc_column_inner][\/vc_column_inner][\/vc_row_inner][\/vc_column][\/vc_row][vc_row][vc_column][\/vc_column][\/vc_row][vc_row disable_element=&#8221;yes&#8221; row_content_width=&#8221;grid&#8221; css=&#8221;.vc_custom_1598263164035{padding-top: 130px !important;}&#8221;][vc_column][vc_raw_html]JTNDaWZyYW1lJTIwd2lkdGglM0QlMjI0MDAlMjIlMjBoZWlnaHQlM0QlMjI0MDAlMjIlMjBzcmMlM0QlMjJodHRwcyUzQSUyRiUyRnd3dy55b3V0dWJlLmNvbSUyRmVtYmVkJTJGYkhwRlE4MnRPT2slM0Zjb250cm9scyUzRDAlMjZyZWwlM0QwJTI2c2hvd2luZm8lM0QwJTI2YXV0b2hpZGUlM0QxJTI2d21vZGUlM0R0cmFuc3BhcmVudCUyNm1vZGVzdGJyYW5kaW5nJTNEMSUyNmVuYWJsZWpzYXBpJTNEMSUyNnBsYXlzaW5saW5lJTNEMSUyMiUyMGZyYW1lYm9yZGVyJTNEJTIyMCUyMiUyMGFsbG93JTNEJTIyYWNjZWxlcm9tZXRlciUzQiUyMGVuY3J5cHRlZC1tZWRpYSUzQiUyMGd5cm9zY29wZSUzQiUyMHBpY3R1cmUtaW4tcGljdHVyZSUyMiUyMGFsbG93ZnVsbHNjcmVlbiUzRSUzQyUyRmlmcmFtZSUzRQ==[\/vc_raw_html][vc_column_text css=&#8221;.vc_custom_1556182330979{margin-top: -8px !important;}&#8221;] See more on instagram @lacomete [\/vc_column_text][\/vc_column][\/vc_row]","og_url":"https:\/\/eliem.fashion\/es\/historia\/","og_site_name":"Eliem Fashion by Elizabeth Maria","article_modified_time":"2020-10-15T12:35:52+00:00","twitter_card":"summary_large_image","twitter_misc":{"Tiempo de lectura":"7 minutos"},"schema":{"@context":"https:\/\/schema.org","@graph":[{"@type":"WebPage","@id":"https:\/\/eliem.fashion\/es\/historia\/","url":"https:\/\/eliem.fashion\/es\/historia\/","name":"Historia - Eliem Fashion by Elizabeth Maria","isPartOf":{"@id":"https:\/\/eliem.fashion\/es\/#website"},"datePublished":"2020-09-28T10:42:00+00:00","dateModified":"2020-10-15T12:35:52+00:00","breadcrumb":{"@id":"https:\/\/eliem.fashion\/es\/historia\/#breadcrumb"},"inLanguage":"es","potentialAction":[{"@type":"ReadAction","target":["https:\/\/eliem.fashion\/es\/historia\/"]}]},{"@type":"BreadcrumbList","@id":"https:\/\/eliem.fashion\/es\/historia\/#breadcrumb","itemListElement":[{"@type":"ListItem","position":1,"name":"Home","item":"https:\/\/eliem.fashion\/es\/"},{"@type":"ListItem","position":2,"name":"Historia"}]},{"@type":"WebSite","@id":"https:\/\/eliem.fashion\/es\/#website","url":"https:\/\/eliem.fashion\/es\/","name":"Eliem Fashion by Elizabeth Maria","description":"Three luxury bags in one","potentialAction":[{"@type":"SearchAction","target":{"@type":"EntryPoint","urlTemplate":"https:\/\/eliem.fashion\/es\/?s={search_term_string}"},"query-input":{"@type":"PropertyValueSpecification","valueRequired":true,"valueName":"search_term_string"}}],"inLanguage":"es"}]}},"jetpack_sharing_enabled":true,"_links":{"self":[{"href":"https:\/\/eliem.fashion\/es\/wp-json\/wp\/v2\/pages\/5384","targetHints":{"allow":["GET"]}}],"collection":[{"href":"https:\/\/eliem.fashion\/es\/wp-json\/wp\/v2\/pages"}],"about":[{"href":"https:\/\/eliem.fashion\/es\/wp-json\/wp\/v2\/types\/page"}],"author":[{"embeddable":true,"href":"https:\/\/eliem.fashion\/es\/wp-json\/wp\/v2\/users\/1"}],"replies":[{"embeddable":true,"href":"https:\/\/eliem.fashion\/es\/wp-json\/wp\/v2\/comments?post=5384"}],"version-history":[{"count":7,"href":"https:\/\/eliem.fashion\/es\/wp-json\/wp\/v2\/pages\/5384\/revisions"}],"predecessor-version":[{"id":5631,"href":"https:\/\/eliem.fashion\/es\/wp-json\/wp\/v2\/pages\/5384\/revisions\/5631"}],"wp:attachment":[{"href":"https:\/\/eliem.fashion\/es\/wp-json\/wp\/v2\/media?parent=5384"}],"curies":[{"name":"wp","href":"https:\/\/api.w.org\/{rel}","templated":true}]}}