{"id":5376,"date":"2020-09-22T14:46:08","date_gmt":"2020-09-22T12:46:08","guid":{"rendered":"https:\/\/eliem.fashion\/informativa-newsletter\/"},"modified":"2020-11-18T17:09:24","modified_gmt":"2020-11-18T16:09:24","slug":"informa-de-proteccion-de-seguridad","status":"publish","type":"page","link":"https:\/\/eliem.fashion\/es\/informa-de-proteccion-de-seguridad\/","title":{"rendered":"Informa de protecci\u00f3n de seguridad"},"content":{"rendered":"\r\n<h3 class=\"wp-block-heading\">Informativa Newsletter (Art. 13 Reg. UE 2016\/679)<\/h3>\r\n<p>La presente informativa \u00e8 resa ai sensi della normativa vigente in materia di protezione dei dati personali (Regolamento UE 2016\/679 \u2013 GDPR) agli utenti del servizio di newsletter.<\/p>\r\n<table width=\"100%\">\r\n<tbody>\r\n<tr>\r\n<td width=\"25%\">\r\n<p><strong>OGGETTO DELL\u2019INFORMAZIONE<\/strong><\/p>\r\n<\/td>\r\n<td width=\"30%\">\r\n<p><strong>INFORMAZIONE BREVE<\/strong><\/p>\r\n<\/td>\r\n<td width=\"44%\">\r\n<p><strong>(+) INFORMAZIONE ESTESA<\/strong><\/p>\r\n<\/td>\r\n<\/tr>\r\n<tr>\r\n<td width=\"25%\">\r\n<p>TITOLARE DEL TRATTAMENTO<\/p>\r\n<p>&nbsp;<\/p>\r\n<p>&nbsp;<\/p>\r\n<\/td>\r\n<td width=\"30%\">\r\n<p>Prosperit\u00e0 s.r.l.s.<\/p>\r\n<p>E-mail info@eliem.fashion<\/p>\r\n<p>&nbsp;<\/p>\r\n<\/td>\r\n<td width=\"44%\">\r\n<p>Prosperit\u00e0 s.r.l.s., con sede in 35131 Padova, Via G. Berchet 16, C.F. E P.IVA 05012430285 &#8211; R.E.A. di Padova Tel.\u00a0 +39 349 439 1399, E-mail info@eliem.fashion Il Titolare si riserva di nominare quale Responsabile del trattamento dei dati personali gestiti per le finalit\u00e0 di assistenza tecnica, manutenzione, gestione tecnica e simili del presente Sito un\u2019agenzia web, i cui riferimenti potranno essere comunicati a seguito di richiesta agli indirizzi sopra indicati.<\/p>\r\n<p>Il Titolare e il Responsabile trattano i dati degli Utenti anche grazie a propri Incaricati interni, appositamente designati e dotati di istruzioni per il corretto trattamento dei dati personali, anche in via orale.<\/p>\r\n<\/td>\r\n<\/tr>\r\n<tr>\r\n<td width=\"25%\">\r\n<p>FINALITA\u2019 DEL TRATTAMENTO<\/p>\r\n<\/td>\r\n<td width=\"30%\">\r\n<p>Invio di newsletter<\/p>\r\n<\/td>\r\n<td width=\"44%\">\r\n<p>L&#8217;iscrizione alla newsletter \u00e8 finalizzata all&#8217;invio di comunicazioni informative da parte del Titolare del trattamento o di suoi Responsabili del trattamento, via e-mail diretta o anche tramite canali di mail marketing offerti da provider terzi, contenenti comunicazioni commerciali e simili inerenti a prodotti o servizi del Titolare o di suoi Responsabili, incluse promozioni, iniziative, sponsorizzazioni, manifestazioni a premio, nonch\u00e9 altre operazioni analoghe.<\/p>\r\n<\/td>\r\n<\/tr>\r\n<tr>\r\n<td width=\"25%\">\r\n<p>BASE GIURIDICA DEL TRATTAMENTO<\/p>\r\n<\/td>\r\n<td width=\"30%\">\r\n<p>Consenso<\/p>\r\n<\/td>\r\n<td width=\"44%\">\r\n<p>Il trattamento dei dati personali si fonda sul consenso mediante la libera e consapevole compilazione del form di iscrizione alla newsletter e la spunta dell\u2019apposito checkbox di consenso.<\/p>\r\n<\/td>\r\n<\/tr>\r\n<tr>\r\n<td width=\"25%\">\r\n<p>LEGITTIMO INTERESSE DEL TITOLARE<\/p>\r\n<\/td>\r\n<td width=\"30%\">\r\n<p>Marketing diretto<\/p>\r\n<\/td>\r\n<td width=\"44%\">\r\n<p>Il trattamento dei dati personali si fonda anche sul legittimo interesse del Titolare, quale la realizzazione di operazioni di marketing diretto.<\/p>\r\n<\/td>\r\n<\/tr>\r\n<tr>\r\n<td width=\"25%\">\r\n<p>OBBLIGATORIET\u00c0 DEL CONFERIMENTO<\/p>\r\n<\/td>\r\n<td width=\"30%\">\r\n<p>Obbligatorio<\/p>\r\n<\/td>\r\n<td width=\"44%\">\r\n<p>Il conferimento dei dati personali \u00e8 connesso alla finalit\u00e0 di invio newsletter ed \u00e8 obbligatorio in relazione alla finalit\u00e0 di marketing di cui alla presente Informativa.<\/p>\r\n<\/td>\r\n<\/tr>\r\n<tr>\r\n<td width=\"25%\">\r\n<p>CONSEGUENZE DEL MANCATO CONFERIMENTO<\/p>\r\n<\/td>\r\n<td width=\"30%\">\r\n<p>Mancata ricezione della newsletter<\/p>\r\n<\/td>\r\n<td width=\"44%\">\r\n<p>Il mancato conferimento dei dati personali impedisce di ricevere l\u2019invio delle comunicazioni informative in oggetto.<\/p>\r\n<\/td>\r\n<\/tr>\r\n<tr>\r\n<td width=\"25%\">\r\n<p>EVENTUALI DESTINATARI DEI DATI PERSONALI<\/p>\r\n<\/td>\r\n<td width=\"30%\">\r\n<p>Comunicazione: SI<\/p>\r\n<p>Destinatari: societ\u00e0 partner e consulenti del Titolare<\/p>\r\n<p>Trasferimento intra UE: SI<\/p>\r\n<p>Trasferimento extra UE: SI (in regime di Privacy Shield)<\/p>\r\n<\/td>\r\n<td width=\"44%\">\r\n<p>I dati potranno essere comunicati a societ\u00e0 connesse, collegate o controllate dal Titolare o del Responsabile, nonch\u00e9 a consulenti, ovvero anche a soggetti terzi che operano, anche in nome e conto del Titolare, per l\u2019evasione delle prestazioni connesse alle finalit\u00e0 indicate nella presente informativa, sia intra UE che extra UE (in tale ultimo caso, si tratter\u00e0 esclusivamente di soggetti aderenti al protocollo Privacy Shield). In particolare la comunicazione potr\u00e0 avvenire a favore di provider terzi fornitori di servizi di mail marketing, automation marketing e simili.<\/p>\r\n<\/td>\r\n<\/tr>\r\n<tr>\r\n<td width=\"25%\">\r\n<p>PERIODO DI CONSERVAZIONE<\/p>\r\n<\/td>\r\n<td width=\"30%\">\r\n<p>Fino a revoca<\/p>\r\n<\/td>\r\n<td width=\"44%\">\r\n<p>I dati saranno conservati fino alla revoca espressa da parte dell\u2019Interessato.<\/p>\r\n<\/td>\r\n<\/tr>\r\n<tr>\r\n<td width=\"25%\">\r\n<p>DIRITTI DELL\u2019INTERESSATO<\/p>\r\n<\/td>\r\n<td width=\"30%\">\r\n<p>Diritti (artt. 15 \u2013 22 GDPR):<\/p>\r\n<p>accesso<\/p>\r\n<p>rettifica<\/p>\r\n<p>cancellazione<\/p>\r\n<p>limitazione<\/p>\r\n<p>portabilit\u00e0<\/p>\r\n<p>Forme e termini di esercizio: art. 12 GDPR<\/p>\r\n<p>Via email info@eliem.fashion<\/p>\r\n<\/td>\r\n<td width=\"44%\">\r\n<p>Ciascun Interessato ha diritto di accesso, di rettifica, di cancellazione (oblio), di limitazione, di ricezione della notifica in caso di rettifica, cancellazione o limitazione, di portabilit\u00e0, di opposizione e di non essere oggetto di una decisione individuale automatizzata, compresa la profilazione, ai sensi degli artt. da 15 a 22 del GDPR.<\/p>\r\n<p>Tali diritti possono essere esercitati nelle forme e nei termini di cui all\u2019art. 12 GDPR, mediante comunicazione scritta inviata al Titolare via email info@eliem.fashion<\/p>\r\n<p>Il Titolare render\u00e0 risposta adeguata al pi\u00f9 presto e comunque entro il termine di 1 mese dalla ricezione della richiesta.<\/p>\r\n<\/td>\r\n<\/tr>\r\n<tr>\r\n<td width=\"25%\">\r\n<p>DIRITTO DI REVOCA DEL CONSENSO<\/p>\r\n<\/td>\r\n<td width=\"30%\">\r\n<p>via e-mail info@eliem.fashion<\/p>\r\n<p>attraverso il comando di disiscrizione (unsubscribe) se previsto<\/p>\r\n<\/td>\r\n<td width=\"44%\">\r\n<p>\u00c8 possibile revocare il presente consenso in qualsiasi momento tramite<\/p>\r\n<p>\u00fc\u00a0 invio di una mail all\u2019indirizzo e-mail info@eliem.fashion<\/p>\r\n<p>\u00fc\u00a0 comando di disiscrizione (unsubscribe) ove presente in ogni successiva comunicazione ricevuta<\/p>\r\n<\/td>\r\n<\/tr>\r\n<tr>\r\n<td width=\"25%\">\r\n<p>RECLAMI<\/p>\r\n<\/td>\r\n<td width=\"30%\">\r\n<p>Reclamo (art. 77 GDPR):<\/p>\r\n<p>al Garante per la protezione dei dati personali<\/p>\r\n<\/td>\r\n<td width=\"44%\">\r\n<p>Ciascun Interessato ha diritto di proporre reclamo ai sensi degli artt. 77 e seguenti del GDPR ad un\u2019autorit\u00e0 di controllo, che per lo Stato italiano \u00e8 individuato nel Garante per la protezione dei dati personali.<\/p>\r\n<p>Le forme, le modalit\u00e0 ed i termini di proposizione delle azioni di reclamo sono previste e disciplinate dalla legislazione nazionale vigente.<\/p>\r\n<p>Il reclamo fa salve le azioni amministrative e giurisdizionali, che per lo Stato italiano possono proporsi alternativamente al medesimo Garante o al Tribunale competente.<\/p>\r\n<\/td>\r\n<\/tr>\r\n<\/tbody>\r\n<\/table>\r\n\r\n<p><style>.tb_button {padding:1px;cursor:pointer;border-right: 1px solid #8b8b8b;border-left: 1px solid #FFF;border-bottom: 1px solid #fff;}.tb_button.hover {borer:2px outset #def; background-color: #f8f8f8 !important;}.ws_toolbar {z-index:100000} .ws_toolbar .ws_tb_btn {cursor:pointer;border:1px solid #555;padding:3px}   .tb_highlight{background-color:yellow} .tb_hide {visibility:hidden} .ws_toolbar img {padding:2px;margin:0px}<\/style><\/p>\r\n<p>&nbsp;<\/p>\r\n<p>&nbsp;<\/p>","protected":false},"excerpt":{"rendered":"<p>Informativa Newsletter (Art. 13 Reg. UE 2016\/679) La presente informativa \u00e8 resa ai sensi della normativa vigente in materia di protezione dei dati personali (Regolamento UE 2016\/679 \u2013 GDPR) agli utenti del servizio di newsletter. OGGETTO DELL\u2019INFORMAZIONE INFORMAZIONE BREVE (+) [&hellip;]<\/p>\n","protected":false},"author":3,"featured_media":0,"parent":0,"menu_order":0,"comment_status":"closed","ping_status":"open","template":"","meta":{"_acf_changed":false,"_joinchat":[],"footnotes":""},"class_list":["post-5376","page","type-page","status-publish","hentry"],"acf":[],"yoast_head":"<!-- This site is optimized with the Yoast SEO plugin v26.6 - https:\/\/yoast.com\/wordpress\/plugins\/seo\/ -->\n<title>Informa de protecci\u00f3n de seguridad - Eliem Fashion by Elizabeth Maria<\/title>\n<meta name=\"robots\" content=\"index, follow, max-snippet:-1, max-image-preview:large, max-video-preview:-1\" \/>\n<link rel=\"canonical\" href=\"https:\/\/eliem.fashion\/es\/informa-de-proteccion-de-seguridad\/\" \/>\n<meta property=\"og:locale\" content=\"es_ES\" \/>\n<meta property=\"og:type\" content=\"article\" \/>\n<meta property=\"og:title\" content=\"Informa de protecci\u00f3n de seguridad - Eliem Fashion by Elizabeth Maria\" \/>\n<meta property=\"og:description\" content=\"Informativa Newsletter (Art. 13 Reg. UE 2016\/679) La presente informativa \u00e8 resa ai sensi della normativa vigente in materia di protezione dei dati personali (Regolamento UE 2016\/679 \u2013 GDPR) agli utenti del servizio di newsletter. OGGETTO DELL\u2019INFORMAZIONE INFORMAZIONE BREVE (+) [&hellip;]\" \/>\n<meta property=\"og:url\" content=\"https:\/\/eliem.fashion\/es\/informa-de-proteccion-de-seguridad\/\" \/>\n<meta property=\"og:site_name\" content=\"Eliem Fashion by Elizabeth Maria\" \/>\n<meta property=\"article:modified_time\" content=\"2020-11-18T16:09:24+00:00\" \/>\n<meta name=\"twitter:card\" content=\"summary_large_image\" \/>\n<meta name=\"twitter:label1\" content=\"Tiempo de lectura\" \/>\n\t<meta name=\"twitter:data1\" content=\"4 minutos\" \/>\n<script type=\"application\/ld+json\" class=\"yoast-schema-graph\">{\"@context\":\"https:\/\/schema.org\",\"@graph\":[{\"@type\":\"WebPage\",\"@id\":\"https:\/\/eliem.fashion\/es\/informa-de-proteccion-de-seguridad\/\",\"url\":\"https:\/\/eliem.fashion\/es\/informa-de-proteccion-de-seguridad\/\",\"name\":\"Informa de protecci\u00f3n de seguridad - Eliem Fashion by Elizabeth Maria\",\"isPartOf\":{\"@id\":\"https:\/\/eliem.fashion\/es\/#website\"},\"datePublished\":\"2020-09-22T12:46:08+00:00\",\"dateModified\":\"2020-11-18T16:09:24+00:00\",\"breadcrumb\":{\"@id\":\"https:\/\/eliem.fashion\/es\/informa-de-proteccion-de-seguridad\/#breadcrumb\"},\"inLanguage\":\"es\",\"potentialAction\":[{\"@type\":\"ReadAction\",\"target\":[\"https:\/\/eliem.fashion\/es\/informa-de-proteccion-de-seguridad\/\"]}]},{\"@type\":\"BreadcrumbList\",\"@id\":\"https:\/\/eliem.fashion\/es\/informa-de-proteccion-de-seguridad\/#breadcrumb\",\"itemListElement\":[{\"@type\":\"ListItem\",\"position\":1,\"name\":\"Home\",\"item\":\"https:\/\/eliem.fashion\/es\/\"},{\"@type\":\"ListItem\",\"position\":2,\"name\":\"Informa de protecci\u00f3n de seguridad\"}]},{\"@type\":\"WebSite\",\"@id\":\"https:\/\/eliem.fashion\/es\/#website\",\"url\":\"https:\/\/eliem.fashion\/es\/\",\"name\":\"Eliem Fashion by Elizabeth Maria\",\"description\":\"Three luxury bags in one\",\"potentialAction\":[{\"@type\":\"SearchAction\",\"target\":{\"@type\":\"EntryPoint\",\"urlTemplate\":\"https:\/\/eliem.fashion\/es\/?s={search_term_string}\"},\"query-input\":{\"@type\":\"PropertyValueSpecification\",\"valueRequired\":true,\"valueName\":\"search_term_string\"}}],\"inLanguage\":\"es\"}]}<\/script>\n<!-- \/ Yoast SEO plugin. -->","yoast_head_json":{"title":"Informa de protecci\u00f3n de seguridad - Eliem Fashion by Elizabeth Maria","robots":{"index":"index","follow":"follow","max-snippet":"max-snippet:-1","max-image-preview":"max-image-preview:large","max-video-preview":"max-video-preview:-1"},"canonical":"https:\/\/eliem.fashion\/es\/informa-de-proteccion-de-seguridad\/","og_locale":"es_ES","og_type":"article","og_title":"Informa de protecci\u00f3n de seguridad - Eliem Fashion by Elizabeth Maria","og_description":"Informativa Newsletter (Art. 13 Reg. UE 2016\/679) La presente informativa \u00e8 resa ai sensi della normativa vigente in materia di protezione dei dati personali (Regolamento UE 2016\/679 \u2013 GDPR) agli utenti del servizio di newsletter. OGGETTO DELL\u2019INFORMAZIONE INFORMAZIONE BREVE (+) [&hellip;]","og_url":"https:\/\/eliem.fashion\/es\/informa-de-proteccion-de-seguridad\/","og_site_name":"Eliem Fashion by Elizabeth Maria","article_modified_time":"2020-11-18T16:09:24+00:00","twitter_card":"summary_large_image","twitter_misc":{"Tiempo de lectura":"4 minutos"},"schema":{"@context":"https:\/\/schema.org","@graph":[{"@type":"WebPage","@id":"https:\/\/eliem.fashion\/es\/informa-de-proteccion-de-seguridad\/","url":"https:\/\/eliem.fashion\/es\/informa-de-proteccion-de-seguridad\/","name":"Informa de protecci\u00f3n de seguridad - Eliem Fashion by Elizabeth Maria","isPartOf":{"@id":"https:\/\/eliem.fashion\/es\/#website"},"datePublished":"2020-09-22T12:46:08+00:00","dateModified":"2020-11-18T16:09:24+00:00","breadcrumb":{"@id":"https:\/\/eliem.fashion\/es\/informa-de-proteccion-de-seguridad\/#breadcrumb"},"inLanguage":"es","potentialAction":[{"@type":"ReadAction","target":["https:\/\/eliem.fashion\/es\/informa-de-proteccion-de-seguridad\/"]}]},{"@type":"BreadcrumbList","@id":"https:\/\/eliem.fashion\/es\/informa-de-proteccion-de-seguridad\/#breadcrumb","itemListElement":[{"@type":"ListItem","position":1,"name":"Home","item":"https:\/\/eliem.fashion\/es\/"},{"@type":"ListItem","position":2,"name":"Informa de protecci\u00f3n de seguridad"}]},{"@type":"WebSite","@id":"https:\/\/eliem.fashion\/es\/#website","url":"https:\/\/eliem.fashion\/es\/","name":"Eliem Fashion by Elizabeth Maria","description":"Three luxury bags in one","potentialAction":[{"@type":"SearchAction","target":{"@type":"EntryPoint","urlTemplate":"https:\/\/eliem.fashion\/es\/?s={search_term_string}"},"query-input":{"@type":"PropertyValueSpecification","valueRequired":true,"valueName":"search_term_string"}}],"inLanguage":"es"}]}},"jetpack_sharing_enabled":true,"_links":{"self":[{"href":"https:\/\/eliem.fashion\/es\/wp-json\/wp\/v2\/pages\/5376","targetHints":{"allow":["GET"]}}],"collection":[{"href":"https:\/\/eliem.fashion\/es\/wp-json\/wp\/v2\/pages"}],"about":[{"href":"https:\/\/eliem.fashion\/es\/wp-json\/wp\/v2\/types\/page"}],"author":[{"embeddable":true,"href":"https:\/\/eliem.fashion\/es\/wp-json\/wp\/v2\/users\/3"}],"replies":[{"embeddable":true,"href":"https:\/\/eliem.fashion\/es\/wp-json\/wp\/v2\/comments?post=5376"}],"version-history":[{"count":1,"href":"https:\/\/eliem.fashion\/es\/wp-json\/wp\/v2\/pages\/5376\/revisions"}],"predecessor-version":[{"id":5590,"href":"https:\/\/eliem.fashion\/es\/wp-json\/wp\/v2\/pages\/5376\/revisions\/5590"}],"wp:attachment":[{"href":"https:\/\/eliem.fashion\/es\/wp-json\/wp\/v2\/media?parent=5376"}],"curies":[{"name":"wp","href":"https:\/\/api.w.org\/{rel}","templated":true}]}}