{"id":5182,"date":"2020-09-22T14:47:05","date_gmt":"2020-09-22T12:47:05","guid":{"rendered":"https:\/\/eliem.fashion\/?page_id=5182"},"modified":"2020-11-18T17:00:22","modified_gmt":"2020-11-18T16:00:22","slug":"newsletter-policy","status":"publish","type":"page","link":"https:\/\/eliem.fashion\/en\/newsletter-policy\/","title":{"rendered":"Newsletter policy"},"content":{"rendered":"\r\n<p style=\"font-weight: 400;\"><b><strong>Integrazione alla normativa sulla Privacy<\/strong><\/b><\/p>\r\n<p style=\"font-weight: 400;\"><a href=\"http:\/\/www.pittarello.com\/wp-content\/uploads\/2018\/05\/2018-PITTARELLO-privacy-policy_rev2.pdf\">L&#8217;integrazione alla normativa sulla privacy disponibile a questo link costituisce parte integrante della presente informativa, ai sensi del Regolamento Generale sulla Protezione dei Dati.<\/a><\/p>\r\n<p style=\"font-weight: 400;\"><b><strong>Informativa ai sensi dell\u2019art. 13 del D. Lgs. N. 196\/2003<\/strong><\/b><\/p>\r\n<p style=\"font-weight: 400;\">Per l\u2019esecuzione del contratto, \u00e8 obbligatorio il conferimento da parte del Cliente di alcuni dati personali. Il Cliente dichiara e garantisce che i dati forniti a Prosperit\u00e0 Srls durante il processo di acquisto e\/o di registrazione sono corretti e veritieri. Il mancato, parziale, inesatto o non veritiero conferimento dei dati del Cliente a Prosperit\u00e0 Srls pu\u00f2 avere come conseguenza l\u2019impossibilit\u00e0 di eseguire il contratto.<\/p>\r\n<p style=\"font-weight: 400;\">Prosperit\u00e0 Srls garantisce il trattamento dei dati personali del Cliente in conformit\u00e0 e nel rispetto del Regolamento Europeo sulla Protezione dei Dati\u00a0\u00a0679\/2016 (GDPR), e assicura di adottare specifiche misure di sicurezza per prevenire la perdita dei dati e\/o il loro uso illecito e\/o non concesso. I dati forniti dal Cliente saranno registrati da Prosperit\u00e0 Srls\u00a0 e utilizzati per dare esecuzione al contratto e per adempimento degli obblighi ad esso connessi e, previo suo consenso e fino a revoca dello stesso, per lo svolgimento di ulteriori attivit\u00e0, cos\u00ec come successivamente indicate nella presente \u201cInformativa sulla privacy\u201d che viene fornita al Cliente attraverso il Sito al momento della sua registrazione. Il consenso del Cliente a rendere disponibili i propri dati per tali ulteriori attivit\u00e0 viene dato attraverso la selezione di un tasto di spunta al momento della registrazione al Sito. Tale consenso non \u00e8 obbligatorio ai fini della stipulazione e dell\u2019esecuzione del contratto, e pu\u00f2 essere revocato in qualsiasi momento.<\/p>\r\n<p style=\"font-weight: 400;\">I dati forniti dal Cliente vengono trattati e conservati, in forma elettronica e, all\u2019occorrenza, cartacea, per il tempo necessario all\u2019esecuzione del contratto e all\u2019adempimento degli obblighi che tale esecuzione comporta, e comunque per il tempo prescritto dalle norme civilistiche e fiscali. Qualora il Cliente abbia espressamente fornito il consenso per l\u2019utilizzo dei propri dati personali per le attivit\u00e0 promozionali, di marketing e di profilazione della clientela (intendendosi per tale l\u2019attivit\u00e0 di volta a differenziare le offerte sulla base dei dati forniti dai Clienti o dei loro comportamenti all\u2019interno del Sito rilevati attraverso il monitoraggio dei carrelli abbandonati e\/o di altri parametri), tali dati saranno utilizzati per lo svolgimento di tali attivit\u00e0.<\/p>\r\n<p style=\"font-weight: 400;\">Avranno accesso ai\u00a0 dati personali del Cliente i responsabili e\/o i dipendenti e\/o i collaboratori di Prosperit\u00e0 Srls incaricati dell\u2019esecuzione del contratto e dell\u2019adempimento degli obblighi ad esso connessi e\/o delle attivit\u00e0 promozionali, di marketing e di profilazione della clientela, nonch\u00e8 \u00a0i responsabili e\/o i dipendenti e\/o i collaboratori di altre societ\u00e0 collaboratrici di Prosperit\u00e0 Srls incaricate di tali attivit\u00e0.\u00a0 All\u2019occorrenza potranno avere accesso ai dati personali forniti dal Cliente i corrieri a cui Prosperit\u00e0 Srls affida le proprie spedizioni. Tale accesso sar\u00e0 limitato al tempo necessario per l\u2019esecuzione del contratto e dei relativi adempimenti, e i corrieri non potranno utilizzare i dati del Cliente per scopi diversi dalla consegna della merce o dal suo recupero.<\/p>\r\n<p style=\"font-weight: 400;\">Pittarello si avvale del servizio Mailchimp erogato da The Rocket Science Group LLC per l&#8217;invio di newsletter e di mail a scopo di marketing. I dati personali memorizzati da Mailchimp possono essere: dati di contatto (nome, cognome, genere, informazioni demografiche, informazioni di contatto, tra cui l&#8217;indirizzo email), informazioni su attivit\u00e0 di acquisto e navigazione sul sito eliem.fashion, informazioni IT (indirizzo IP, dati riguardanti l&#8217;interazione con contenuti inviati da Mailchimp, dati da cookies, dati sulla navigazione, dati sulla localit\u00e0 e sul browser). Per ulteriori dettagli, si prega di consultare la Privacy Policy di Mailchimp (<a href=\"https:\/\/mailchimp.com\/legal\/privacy\/#3._Privacy_for_Contacts\">https:\/\/mailchimp.com\/legal\/privacy\/#3._Privacy_for_Contacts<\/a>).<\/p>\r\n<p style=\"font-weight: 400;\">Il Cliente ha diritto di ottenere la conferma dell\u2019esistenza o meno dei propri dati personali, di conoscerne il contenuto e l\u2019origine, di verificarne l\u2019esattezza e richiederne l\u2019integrazione, l\u2019aggiornamento o la correzione, di richiedere la trasformazione in forma anonima o il blocco dei dati trattati in violazione di legge, compresi quelli di cui non \u00e8 necessaria la conservazione in relazione agli scopi per i quali i dati sono stati raccolti o successivamente trattati, di chiedere l\u2019attestazione che l\u2019origine dei dati e le finalit\u00e0 e modalit\u00e0 del trattamento sono state portate a conoscenza di coloro che vi hanno accesso o ai quali sono stati comunicati salvo il caso che tale adempimento si sia rivelato impossibile ovvero avrebbe comportato un impiego di mezzi manifestamente sproporzionato rispetto al diritto tutelato. Il Cliente pu\u00f2 inoltre richiedere la cancellazione dei propri dati personali e pu\u00f2 opporsi al loro trattamento per motivi legittimi sebbene pertinenti allo scopo per il quale sono stati raccolti, e ai fini di invio di materiale pubblicitario o di vendita diretta o per il compimento di ricerche di mercato o di comunicazione commerciale.<\/p>\r\n<p style=\"font-weight: 400;\">Le richieste del Cliente inerenti i propri dati personali devono essere rivolte a info@eliem.fashion<\/p>\r\n<p style=\"font-weight: 400;\">Titolare del trattamento \u00e8 Prosperit\u00e0 Srls nella persona del legale rappresentante.<\/p>\r\n","protected":false},"excerpt":{"rendered":"<p>Integrazione alla normativa sulla Privacy L&#8217;integrazione alla normativa sulla privacy disponibile a questo link costituisce parte integrante della presente informativa, ai sensi del Regolamento Generale sulla Protezione dei Dati. Informativa ai sensi dell\u2019art. 13 del D. Lgs. N. 196\/2003 Per [&hellip;]<\/p>\n","protected":false},"author":3,"featured_media":0,"parent":0,"menu_order":0,"comment_status":"closed","ping_status":"open","template":"","meta":{"_acf_changed":false,"_joinchat":[],"footnotes":""},"class_list":["post-5182","page","type-page","status-publish","hentry"],"acf":[],"yoast_head":"<!-- This site is optimized with the Yoast SEO plugin v26.6 - https:\/\/yoast.com\/wordpress\/plugins\/seo\/ -->\n<title>Newsletter policy - Eliem Fashion by Elizabeth Maria<\/title>\n<meta name=\"robots\" content=\"index, follow, max-snippet:-1, max-image-preview:large, max-video-preview:-1\" \/>\n<link rel=\"canonical\" href=\"https:\/\/eliem.fashion\/en\/newsletter-policy\/\" \/>\n<meta property=\"og:locale\" content=\"en_US\" \/>\n<meta property=\"og:type\" content=\"article\" \/>\n<meta property=\"og:title\" content=\"Newsletter policy - Eliem Fashion by Elizabeth Maria\" \/>\n<meta property=\"og:description\" content=\"Integrazione alla normativa sulla Privacy L&#8217;integrazione alla normativa sulla privacy disponibile a questo link costituisce parte integrante della presente informativa, ai sensi del Regolamento Generale sulla Protezione dei Dati. Informativa ai sensi dell\u2019art. 13 del D. Lgs. N. 196\/2003 Per [&hellip;]\" \/>\n<meta property=\"og:url\" content=\"https:\/\/eliem.fashion\/en\/newsletter-policy\/\" \/>\n<meta property=\"og:site_name\" content=\"Eliem Fashion by Elizabeth Maria\" \/>\n<meta property=\"article:modified_time\" content=\"2020-11-18T16:00:22+00:00\" \/>\n<meta name=\"twitter:card\" content=\"summary_large_image\" \/>\n<meta name=\"twitter:label1\" content=\"Est. reading time\" \/>\n\t<meta name=\"twitter:data1\" content=\"4 minutes\" \/>\n<script type=\"application\/ld+json\" class=\"yoast-schema-graph\">{\"@context\":\"https:\/\/schema.org\",\"@graph\":[{\"@type\":\"WebPage\",\"@id\":\"https:\/\/eliem.fashion\/en\/newsletter-policy\/\",\"url\":\"https:\/\/eliem.fashion\/en\/newsletter-policy\/\",\"name\":\"Newsletter policy - Eliem Fashion by Elizabeth Maria\",\"isPartOf\":{\"@id\":\"https:\/\/eliem.fashion\/en\/#website\"},\"datePublished\":\"2020-09-22T12:47:05+00:00\",\"dateModified\":\"2020-11-18T16:00:22+00:00\",\"breadcrumb\":{\"@id\":\"https:\/\/eliem.fashion\/en\/newsletter-policy\/#breadcrumb\"},\"inLanguage\":\"en-US\",\"potentialAction\":[{\"@type\":\"ReadAction\",\"target\":[\"https:\/\/eliem.fashion\/en\/newsletter-policy\/\"]}]},{\"@type\":\"BreadcrumbList\",\"@id\":\"https:\/\/eliem.fashion\/en\/newsletter-policy\/#breadcrumb\",\"itemListElement\":[{\"@type\":\"ListItem\",\"position\":1,\"name\":\"Home\",\"item\":\"https:\/\/eliem.fashion\/en\/\"},{\"@type\":\"ListItem\",\"position\":2,\"name\":\"Newsletter policy\"}]},{\"@type\":\"WebSite\",\"@id\":\"https:\/\/eliem.fashion\/en\/#website\",\"url\":\"https:\/\/eliem.fashion\/en\/\",\"name\":\"Eliem Fashion by Elizabeth Maria\",\"description\":\"Three luxury bags in one\",\"potentialAction\":[{\"@type\":\"SearchAction\",\"target\":{\"@type\":\"EntryPoint\",\"urlTemplate\":\"https:\/\/eliem.fashion\/en\/?s={search_term_string}\"},\"query-input\":{\"@type\":\"PropertyValueSpecification\",\"valueRequired\":true,\"valueName\":\"search_term_string\"}}],\"inLanguage\":\"en-US\"}]}<\/script>\n<!-- \/ Yoast SEO plugin. -->","yoast_head_json":{"title":"Newsletter policy - Eliem Fashion by Elizabeth Maria","robots":{"index":"index","follow":"follow","max-snippet":"max-snippet:-1","max-image-preview":"max-image-preview:large","max-video-preview":"max-video-preview:-1"},"canonical":"https:\/\/eliem.fashion\/en\/newsletter-policy\/","og_locale":"en_US","og_type":"article","og_title":"Newsletter policy - Eliem Fashion by Elizabeth Maria","og_description":"Integrazione alla normativa sulla Privacy L&#8217;integrazione alla normativa sulla privacy disponibile a questo link costituisce parte integrante della presente informativa, ai sensi del Regolamento Generale sulla Protezione dei Dati. Informativa ai sensi dell\u2019art. 13 del D. Lgs. N. 196\/2003 Per [&hellip;]","og_url":"https:\/\/eliem.fashion\/en\/newsletter-policy\/","og_site_name":"Eliem Fashion by Elizabeth Maria","article_modified_time":"2020-11-18T16:00:22+00:00","twitter_card":"summary_large_image","twitter_misc":{"Est. reading time":"4 minutes"},"schema":{"@context":"https:\/\/schema.org","@graph":[{"@type":"WebPage","@id":"https:\/\/eliem.fashion\/en\/newsletter-policy\/","url":"https:\/\/eliem.fashion\/en\/newsletter-policy\/","name":"Newsletter policy - Eliem Fashion by Elizabeth Maria","isPartOf":{"@id":"https:\/\/eliem.fashion\/en\/#website"},"datePublished":"2020-09-22T12:47:05+00:00","dateModified":"2020-11-18T16:00:22+00:00","breadcrumb":{"@id":"https:\/\/eliem.fashion\/en\/newsletter-policy\/#breadcrumb"},"inLanguage":"en-US","potentialAction":[{"@type":"ReadAction","target":["https:\/\/eliem.fashion\/en\/newsletter-policy\/"]}]},{"@type":"BreadcrumbList","@id":"https:\/\/eliem.fashion\/en\/newsletter-policy\/#breadcrumb","itemListElement":[{"@type":"ListItem","position":1,"name":"Home","item":"https:\/\/eliem.fashion\/en\/"},{"@type":"ListItem","position":2,"name":"Newsletter policy"}]},{"@type":"WebSite","@id":"https:\/\/eliem.fashion\/en\/#website","url":"https:\/\/eliem.fashion\/en\/","name":"Eliem Fashion by Elizabeth Maria","description":"Three luxury bags in one","potentialAction":[{"@type":"SearchAction","target":{"@type":"EntryPoint","urlTemplate":"https:\/\/eliem.fashion\/en\/?s={search_term_string}"},"query-input":{"@type":"PropertyValueSpecification","valueRequired":true,"valueName":"search_term_string"}}],"inLanguage":"en-US"}]}},"jetpack_sharing_enabled":true,"_links":{"self":[{"href":"https:\/\/eliem.fashion\/en\/wp-json\/wp\/v2\/pages\/5182","targetHints":{"allow":["GET"]}}],"collection":[{"href":"https:\/\/eliem.fashion\/en\/wp-json\/wp\/v2\/pages"}],"about":[{"href":"https:\/\/eliem.fashion\/en\/wp-json\/wp\/v2\/types\/page"}],"author":[{"embeddable":true,"href":"https:\/\/eliem.fashion\/en\/wp-json\/wp\/v2\/users\/3"}],"replies":[{"embeddable":true,"href":"https:\/\/eliem.fashion\/en\/wp-json\/wp\/v2\/comments?post=5182"}],"version-history":[{"count":1,"href":"https:\/\/eliem.fashion\/en\/wp-json\/wp\/v2\/pages\/5182\/revisions"}],"predecessor-version":[{"id":5184,"href":"https:\/\/eliem.fashion\/en\/wp-json\/wp\/v2\/pages\/5182\/revisions\/5184"}],"wp:attachment":[{"href":"https:\/\/eliem.fashion\/en\/wp-json\/wp\/v2\/media?parent=5182"}],"curies":[{"name":"wp","href":"https:\/\/api.w.org\/{rel}","templated":true}]}}